{"id":88,"date":"2024-08-29T18:06:33","date_gmt":"2024-08-29T18:06:33","guid":{"rendered":"https:\/\/puresolid.joda.fi\/?page_id=88"},"modified":"2025-03-25T19:10:35","modified_gmt":"2025-03-25T19:10:35","slug":"wave","status":"publish","type":"page","link":"https:\/\/puresolid.fi\/index.php\/wave\/","title":{"rendered":"Wave"},"content":{"rendered":"\n<div class=\"wp-block-cover alignfull has-custom-content-position is-position-bottom-center\" style=\"padding-top:var(--wp--preset--spacing--40);padding-bottom:var(--wp--preset--spacing--40);min-height:70vh;aspect-ratio:unset;\"><span aria-hidden=\"true\" class=\"wp-block-cover__background has-background-dim-100 has-background-dim wp-block-cover__gradient-background has-background-gradient\" style=\"background:linear-gradient(180deg,rgb(255,255,255) 0%,rgba(255,255,255,0) 16%)\"><\/span><img loading=\"lazy\" decoding=\"async\" width=\"2000\" height=\"1560\" class=\"wp-block-cover__image-background wp-image-89\" alt=\"Puresolid - Wave mallisto, kylpyhoeneen allaskaappi\" src=\"https:\/\/puresolid.fi\/wp-content\/uploads\/2024\/08\/fiilisLava_Rock-s3-wave-l.jpg\" style=\"object-position:52% 60%\" data-object-fit=\"cover\" data-object-position=\"52% 60%\" srcset=\"https:\/\/puresolid.fi\/wp-content\/uploads\/2024\/08\/fiilisLava_Rock-s3-wave-l.jpg 2000w, https:\/\/puresolid.fi\/wp-content\/uploads\/2024\/08\/fiilisLava_Rock-s3-wave-l-300x234.jpg 300w, https:\/\/puresolid.fi\/wp-content\/uploads\/2024\/08\/fiilisLava_Rock-s3-wave-l-1024x799.jpg 1024w, https:\/\/puresolid.fi\/wp-content\/uploads\/2024\/08\/fiilisLava_Rock-s3-wave-l-768x599.jpg 768w, https:\/\/puresolid.fi\/wp-content\/uploads\/2024\/08\/fiilisLava_Rock-s3-wave-l-1536x1198.jpg 1536w\" sizes=\"auto, (max-width: 2000px) 100vw, 2000px\" \/><div class=\"wp-block-cover__inner-container has-global-padding is-layout-constrained wp-block-cover-is-layout-constrained\">\n<p class=\"has-text-align-center has-large-font-size\"><\/p>\n\n\n\n<div class=\"wp-block-buttons is-content-justification-center is-layout-flex wp-container-core-buttons-is-layout-a89b3969 wp-block-buttons-is-layout-flex\">\n<div class=\"wp-block-button\"><a class=\"wp-block-button__link wp-element-button\" href=\"#mallisto\">Katso lis\u00e4\u00e4<\/a><\/div>\n<\/div>\n<\/div><\/div>\n\n\n\n<p class=\"has-contrast-2-color has-text-color has-link-color has-small-font-size wp-elements-c6c1f7b932323359c3bba78747d94c69\"><a href=\"https:\/\/puresolid.fi\/#mallisto\">Mallisto<\/a> \/  <strong>Wave<\/strong><\/p>\n\n\n\n<h1 class=\"wp-block-heading\" id=\"mallisto\">Wave allaskaapit<\/h1>\n\n\n\n<p>Mallistosta on saataville nelj\u00e4 eri kokoversiota. Valitse alta olevista malleista sopivin. Klikkaamalla tuotetta p\u00e4\u00e4set muokkaamaan v\u00e4rej\u00e4, mittoja ja allasm\u00e4\u00e4ri\u00e4. <\/p>\n\n\n\n<div style=\"height:13px\" aria-hidden=\"true\" class=\"wp-block-spacer\"><\/div>\n\n\n\n<div class=\"wp-block-columns alignwide is-layout-flex wp-container-core-columns-is-layout-28f84493 wp-block-columns-is-layout-flex\">\n<div class=\"wp-block-column is-layout-flow wp-block-column-is-layout-flow\">\n<div class=\"wp-block-columns is-not-stacked-on-mobile is-layout-flex wp-container-core-columns-is-layout-28f84493 wp-block-columns-is-layout-flex\">\n<div class=\"wp-block-column is-layout-flow wp-block-column-is-layout-flow\">\n<div class=\"wp-block-group nosto has-base-2-background-color has-background is-vertical is-content-justification-center is-layout-flex wp-container-core-group-is-layout-d6c83077 wp-block-group-is-layout-flex\" style=\"padding-top:0;padding-bottom:var(--wp--preset--spacing--10)\">\n<figure data-wp-context=\"{&quot;imageId&quot;:&quot;69f9e3672ae7f&quot;}\" data-wp-interactive=\"core\/image\" data-wp-key=\"69f9e3672ae7f\" class=\"wp-block-image size-large wp-lightbox-container\"><img loading=\"lazy\" decoding=\"async\" width=\"1024\" height=\"802\" data-wp-class--hide=\"state.isContentHidden\" data-wp-class--show=\"state.isContentVisible\" data-wp-init=\"callbacks.setButtonStyles\" data-wp-on--click=\"actions.showLightbox\" data-wp-on--load=\"callbacks.setButtonStyles\" data-wp-on-window--resize=\"callbacks.setButtonStyles\" src=\"https:\/\/puresolid.fi\/wp-content\/uploads\/2024\/08\/wave-sLava_Rock-s4-1024x802.jpg\" alt=\"Puresolid - Wave S, kylpyhoeneen allaskaappi\" class=\"wp-image-143\" style=\"object-fit:cover\" srcset=\"https:\/\/puresolid.fi\/wp-content\/uploads\/2024\/08\/wave-sLava_Rock-s4-1024x802.jpg 1024w, https:\/\/puresolid.fi\/wp-content\/uploads\/2024\/08\/wave-sLava_Rock-s4-300x235.jpg 300w, https:\/\/puresolid.fi\/wp-content\/uploads\/2024\/08\/wave-sLava_Rock-s4-768x602.jpg 768w, https:\/\/puresolid.fi\/wp-content\/uploads\/2024\/08\/wave-sLava_Rock-s4-1536x1203.jpg 1536w, https:\/\/puresolid.fi\/wp-content\/uploads\/2024\/08\/wave-sLava_Rock-s4.jpg 2000w\" sizes=\"auto, (max-width: 1024px) 100vw, 1024px\" \/><button\n\t\t\tclass=\"lightbox-trigger\"\n\t\t\ttype=\"button\"\n\t\t\taria-haspopup=\"dialog\"\n\t\t\taria-label=\"Suurenna\"\n\t\t\tdata-wp-init=\"callbacks.initTriggerButton\"\n\t\t\tdata-wp-on--click=\"actions.showLightbox\"\n\t\t\tdata-wp-style--right=\"state.imageButtonRight\"\n\t\t\tdata-wp-style--top=\"state.imageButtonTop\"\n\t\t>\n\t\t\t<svg xmlns=\"http:\/\/www.w3.org\/2000\/svg\" width=\"12\" height=\"12\" fill=\"none\" viewBox=\"0 0 12 12\">\n\t\t\t\t<path fill=\"#fff\" d=\"M2 0a2 2 0 0 0-2 2v2h1.5V2a.5.5 0 0 1 .5-.5h2V0H2Zm2 10.5H2a.5.5 0 0 1-.5-.5V8H0v2a2 2 0 0 0 2 2h2v-1.5ZM8 12v-1.5h2a.5.5 0 0 0 .5-.5V8H12v2a2 2 0 0 1-2 2H8Zm2-12a2 2 0 0 1 2 2v2h-1.5V2a.5.5 0 0 0-.5-.5H8V0h2Z\" \/>\n\t\t\t<\/svg>\n\t\t<\/button><\/figure>\n\n\n\n<h3 class=\"wp-block-heading has-text-align-center tuotelinkki\"><a href=\"https:\/\/puresolid.fi\/index.php\/wave-s\/\" data-type=\"page\" data-id=\"297\">Wave S<\/a><\/h3>\n\n\n\n<hr class=\"wp-block-separator has-alpha-channel-opacity\"\/>\n\n\n\n<div class=\"wp-block-group has-global-padding is-layout-constrained wp-block-group-is-layout-constrained\">\n<p class=\"hinta has-accent-3-color has-text-color has-link-color wp-elements-22f2251c32c954e74e30c640b5e8b025\" style=\"margin-top:0;margin-bottom:0\"><strong>Alkaen 1197 \u20ac<\/strong><\/p>\n\n\n\n<p class=\"has-text-align-center has-contrast-3-color has-text-color has-link-color has-small-font-size wp-elements-58c7197feecb3dd0cd7d460d743702f0\" style=\"margin-top:0;margin-bottom:0\">sis. alv 25,5%<\/p>\n<\/div>\n\n\n\n<div class=\"wp-block-buttons is-layout-flex wp-block-buttons-is-layout-flex\">\n<div class=\"wp-block-button\"><a class=\"wp-block-button__link wp-element-button\" href=\"https:\/\/puresolid.fi\/index.php\/wave-s\/\">Tutustu<\/a><\/div>\n<\/div>\n<\/div>\n<\/div>\n\n\n\n<div class=\"wp-block-column is-layout-flow wp-block-column-is-layout-flow\">\n<div class=\"wp-block-group nosto has-base-2-background-color has-background is-vertical is-content-justification-center is-layout-flex wp-container-core-group-is-layout-d6c83077 wp-block-group-is-layout-flex\" style=\"padding-top:0;padding-bottom:var(--wp--preset--spacing--10)\">\n<figure data-wp-context=\"{&quot;imageId&quot;:&quot;69f9e3672b7d0&quot;}\" data-wp-interactive=\"core\/image\" data-wp-key=\"69f9e3672b7d0\" class=\"wp-block-image size-large wp-lightbox-container\"><img loading=\"lazy\" decoding=\"async\" width=\"1024\" height=\"802\" data-wp-class--hide=\"state.isContentHidden\" data-wp-class--show=\"state.isContentVisible\" data-wp-init=\"callbacks.setButtonStyles\" data-wp-on--click=\"actions.showLightbox\" data-wp-on--load=\"callbacks.setButtonStyles\" data-wp-on-window--resize=\"callbacks.setButtonStyles\" src=\"https:\/\/puresolid.fi\/wp-content\/uploads\/2024\/08\/wave-m-lrLava_Rock-s1-1024x802.jpg\" alt=\"Puresolid - Wave M, kylpyhoeneen allaskaappi\" class=\"wp-image-145\" style=\"object-fit:cover\" srcset=\"https:\/\/puresolid.fi\/wp-content\/uploads\/2024\/08\/wave-m-lrLava_Rock-s1-1024x802.jpg 1024w, https:\/\/puresolid.fi\/wp-content\/uploads\/2024\/08\/wave-m-lrLava_Rock-s1-300x235.jpg 300w, https:\/\/puresolid.fi\/wp-content\/uploads\/2024\/08\/wave-m-lrLava_Rock-s1-768x602.jpg 768w, https:\/\/puresolid.fi\/wp-content\/uploads\/2024\/08\/wave-m-lrLava_Rock-s1-1536x1203.jpg 1536w, https:\/\/puresolid.fi\/wp-content\/uploads\/2024\/08\/wave-m-lrLava_Rock-s1.jpg 2000w\" sizes=\"auto, (max-width: 1024px) 100vw, 1024px\" \/><button\n\t\t\tclass=\"lightbox-trigger\"\n\t\t\ttype=\"button\"\n\t\t\taria-haspopup=\"dialog\"\n\t\t\taria-label=\"Suurenna\"\n\t\t\tdata-wp-init=\"callbacks.initTriggerButton\"\n\t\t\tdata-wp-on--click=\"actions.showLightbox\"\n\t\t\tdata-wp-style--right=\"state.imageButtonRight\"\n\t\t\tdata-wp-style--top=\"state.imageButtonTop\"\n\t\t>\n\t\t\t<svg xmlns=\"http:\/\/www.w3.org\/2000\/svg\" width=\"12\" height=\"12\" fill=\"none\" viewBox=\"0 0 12 12\">\n\t\t\t\t<path fill=\"#fff\" d=\"M2 0a2 2 0 0 0-2 2v2h1.5V2a.5.5 0 0 1 .5-.5h2V0H2Zm2 10.5H2a.5.5 0 0 1-.5-.5V8H0v2a2 2 0 0 0 2 2h2v-1.5ZM8 12v-1.5h2a.5.5 0 0 0 .5-.5V8H12v2a2 2 0 0 1-2 2H8Zm2-12a2 2 0 0 1 2 2v2h-1.5V2a.5.5 0 0 0-.5-.5H8V0h2Z\" \/>\n\t\t\t<\/svg>\n\t\t<\/button><\/figure>\n\n\n\n<h3 class=\"wp-block-heading has-text-align-center tuotelinkki\"><a href=\"https:\/\/puresolid.fi\/index.php\/wave-m\/\" data-type=\"page\" data-id=\"576\">Wave M<\/a><\/h3>\n\n\n\n<hr class=\"wp-block-separator has-alpha-channel-opacity\"\/>\n\n\n\n<div class=\"wp-block-group has-global-padding is-layout-constrained wp-block-group-is-layout-constrained\">\n<p class=\"hinta has-accent-3-color has-text-color has-link-color wp-elements-32be4ea9969336505860e5d20db9307f\" style=\"margin-top:0;margin-bottom:0\"><strong>Alkaen 1660 \u20ac<\/strong><\/p>\n\n\n\n<p class=\"has-text-align-center has-contrast-3-color has-text-color has-link-color has-small-font-size wp-elements-58c7197feecb3dd0cd7d460d743702f0\" style=\"margin-top:0;margin-bottom:0\">sis. alv 25,5%<\/p>\n<\/div>\n\n\n\n<div class=\"wp-block-buttons is-layout-flex wp-block-buttons-is-layout-flex\">\n<div class=\"wp-block-button\"><a class=\"wp-block-button__link wp-element-button\" href=\"https:\/\/puresolid.fi\/index.php\/wave-m\/\">Tutustu<\/a><\/div>\n<\/div>\n<\/div>\n<\/div>\n<\/div>\n<\/div>\n\n\n\n<div class=\"wp-block-column is-layout-flow wp-block-column-is-layout-flow\">\n<div class=\"wp-block-columns is-not-stacked-on-mobile is-layout-flex wp-container-core-columns-is-layout-28f84493 wp-block-columns-is-layout-flex\">\n<div class=\"wp-block-column is-layout-flow wp-block-column-is-layout-flow\">\n<div class=\"wp-block-group nosto has-base-2-background-color has-background is-vertical is-content-justification-center is-layout-flex wp-container-core-group-is-layout-d6c83077 wp-block-group-is-layout-flex\" style=\"padding-top:0;padding-bottom:var(--wp--preset--spacing--10)\">\n<figure data-wp-context=\"{&quot;imageId&quot;:&quot;69f9e3672c28b&quot;}\" data-wp-interactive=\"core\/image\" data-wp-key=\"69f9e3672c28b\" class=\"wp-block-image size-large wp-lightbox-container\"><img loading=\"lazy\" decoding=\"async\" width=\"1024\" height=\"802\" data-wp-class--hide=\"state.isContentHidden\" data-wp-class--show=\"state.isContentVisible\" data-wp-init=\"callbacks.setButtonStyles\" data-wp-on--click=\"actions.showLightbox\" data-wp-on--load=\"callbacks.setButtonStyles\" data-wp-on-window--resize=\"callbacks.setButtonStyles\" src=\"https:\/\/puresolid.fi\/wp-content\/uploads\/2024\/08\/wave-lLava_Rock-s8-1024x802.jpg\" alt=\"Puresolid - Wave L, kylpyhoeneen allaskaappi\" class=\"wp-image-146\" style=\"object-fit:cover\" srcset=\"https:\/\/puresolid.fi\/wp-content\/uploads\/2024\/08\/wave-lLava_Rock-s8-1024x802.jpg 1024w, https:\/\/puresolid.fi\/wp-content\/uploads\/2024\/08\/wave-lLava_Rock-s8-300x235.jpg 300w, https:\/\/puresolid.fi\/wp-content\/uploads\/2024\/08\/wave-lLava_Rock-s8-768x602.jpg 768w, https:\/\/puresolid.fi\/wp-content\/uploads\/2024\/08\/wave-lLava_Rock-s8-1536x1203.jpg 1536w, https:\/\/puresolid.fi\/wp-content\/uploads\/2024\/08\/wave-lLava_Rock-s8.jpg 2000w\" sizes=\"auto, (max-width: 1024px) 100vw, 1024px\" \/><button\n\t\t\tclass=\"lightbox-trigger\"\n\t\t\ttype=\"button\"\n\t\t\taria-haspopup=\"dialog\"\n\t\t\taria-label=\"Suurenna\"\n\t\t\tdata-wp-init=\"callbacks.initTriggerButton\"\n\t\t\tdata-wp-on--click=\"actions.showLightbox\"\n\t\t\tdata-wp-style--right=\"state.imageButtonRight\"\n\t\t\tdata-wp-style--top=\"state.imageButtonTop\"\n\t\t>\n\t\t\t<svg xmlns=\"http:\/\/www.w3.org\/2000\/svg\" width=\"12\" height=\"12\" fill=\"none\" viewBox=\"0 0 12 12\">\n\t\t\t\t<path fill=\"#fff\" d=\"M2 0a2 2 0 0 0-2 2v2h1.5V2a.5.5 0 0 1 .5-.5h2V0H2Zm2 10.5H2a.5.5 0 0 1-.5-.5V8H0v2a2 2 0 0 0 2 2h2v-1.5ZM8 12v-1.5h2a.5.5 0 0 0 .5-.5V8H12v2a2 2 0 0 1-2 2H8Zm2-12a2 2 0 0 1 2 2v2h-1.5V2a.5.5 0 0 0-.5-.5H8V0h2Z\" \/>\n\t\t\t<\/svg>\n\t\t<\/button><\/figure>\n\n\n\n<h3 class=\"wp-block-heading has-text-align-center tuotelinkki\"><a href=\"https:\/\/puresolid.fi\/index.php\/wave-l\/\" data-type=\"page\" data-id=\"581\">Wave L<\/a><\/h3>\n\n\n\n<hr class=\"wp-block-separator has-alpha-channel-opacity\"\/>\n\n\n\n<div class=\"wp-block-group has-global-padding is-layout-constrained wp-block-group-is-layout-constrained\">\n<p class=\"hinta has-accent-3-color has-text-color has-link-color wp-elements-9abc9da3a0fb0bdbe231f9600e4d5afc\" style=\"margin-top:0;margin-bottom:0\"><strong>Alkaen 1364 \u20ac<\/strong><\/p>\n\n\n\n<p class=\"has-text-align-center has-contrast-3-color has-text-color has-link-color has-small-font-size wp-elements-58c7197feecb3dd0cd7d460d743702f0\" style=\"margin-top:0;margin-bottom:0\">sis. alv 25,5%<\/p>\n<\/div>\n\n\n\n<div class=\"wp-block-buttons is-layout-flex wp-block-buttons-is-layout-flex\">\n<div class=\"wp-block-button\"><a class=\"wp-block-button__link wp-element-button\" href=\"https:\/\/puresolid.fi\/index.php\/wave-l\/\">Tutustu<\/a><\/div>\n<\/div>\n<\/div>\n<\/div>\n\n\n\n<div class=\"wp-block-column is-layout-flow wp-block-column-is-layout-flow\">\n<div class=\"wp-block-group nosto has-base-2-background-color has-background is-vertical is-content-justification-center is-layout-flex wp-container-core-group-is-layout-d6c83077 wp-block-group-is-layout-flex\" style=\"padding-top:0;padding-bottom:var(--wp--preset--spacing--10)\">\n<figure data-wp-context=\"{&quot;imageId&quot;:&quot;69f9e3672cd65&quot;}\" data-wp-interactive=\"core\/image\" data-wp-key=\"69f9e3672cd65\" class=\"wp-block-image size-large wp-lightbox-container\"><img loading=\"lazy\" decoding=\"async\" width=\"1024\" height=\"802\" data-wp-class--hide=\"state.isContentHidden\" data-wp-class--show=\"state.isContentVisible\" data-wp-init=\"callbacks.setButtonStyles\" data-wp-on--click=\"actions.showLightbox\" data-wp-on--load=\"callbacks.setButtonStyles\" data-wp-on-window--resize=\"callbacks.setButtonStyles\" src=\"https:\/\/puresolid.fi\/wp-content\/uploads\/2024\/08\/wave-xl-lrLava_Rock-s2-1024x802.jpg\" alt=\"Puresolid - Wave mallisto, kylpyhoeneen allaskaappi\" class=\"wp-image-82\" style=\"object-fit:cover\" srcset=\"https:\/\/puresolid.fi\/wp-content\/uploads\/2024\/08\/wave-xl-lrLava_Rock-s2-1024x802.jpg 1024w, https:\/\/puresolid.fi\/wp-content\/uploads\/2024\/08\/wave-xl-lrLava_Rock-s2-300x235.jpg 300w, https:\/\/puresolid.fi\/wp-content\/uploads\/2024\/08\/wave-xl-lrLava_Rock-s2-768x602.jpg 768w, https:\/\/puresolid.fi\/wp-content\/uploads\/2024\/08\/wave-xl-lrLava_Rock-s2-1536x1203.jpg 1536w, https:\/\/puresolid.fi\/wp-content\/uploads\/2024\/08\/wave-xl-lrLava_Rock-s2.jpg 2000w\" sizes=\"auto, (max-width: 1024px) 100vw, 1024px\" \/><button\n\t\t\tclass=\"lightbox-trigger\"\n\t\t\ttype=\"button\"\n\t\t\taria-haspopup=\"dialog\"\n\t\t\taria-label=\"Suurenna\"\n\t\t\tdata-wp-init=\"callbacks.initTriggerButton\"\n\t\t\tdata-wp-on--click=\"actions.showLightbox\"\n\t\t\tdata-wp-style--right=\"state.imageButtonRight\"\n\t\t\tdata-wp-style--top=\"state.imageButtonTop\"\n\t\t>\n\t\t\t<svg xmlns=\"http:\/\/www.w3.org\/2000\/svg\" width=\"12\" height=\"12\" fill=\"none\" viewBox=\"0 0 12 12\">\n\t\t\t\t<path fill=\"#fff\" d=\"M2 0a2 2 0 0 0-2 2v2h1.5V2a.5.5 0 0 1 .5-.5h2V0H2Zm2 10.5H2a.5.5 0 0 1-.5-.5V8H0v2a2 2 0 0 0 2 2h2v-1.5ZM8 12v-1.5h2a.5.5 0 0 0 .5-.5V8H12v2a2 2 0 0 1-2 2H8Zm2-12a2 2 0 0 1 2 2v2h-1.5V2a.5.5 0 0 0-.5-.5H8V0h2Z\" \/>\n\t\t\t<\/svg>\n\t\t<\/button><\/figure>\n\n\n\n<h3 class=\"wp-block-heading has-text-align-center tuotelinkki\"><a href=\"https:\/\/puresolid.fi\/index.php\/wave-xl\/\" data-type=\"page\" data-id=\"587\">Wave XL<\/a><\/h3>\n\n\n\n<hr class=\"wp-block-separator has-alpha-channel-opacity\"\/>\n\n\n\n<div class=\"wp-block-group has-global-padding is-layout-constrained wp-block-group-is-layout-constrained\">\n<p class=\"hinta has-accent-3-color has-text-color has-link-color wp-elements-753f5c548b8ef27aeaf44381dd4c08c3\" style=\"margin-top:0;margin-bottom:0\"><strong>Alkaen 1995 \u20ac<\/strong><\/p>\n\n\n\n<p class=\"has-text-align-center has-contrast-3-color has-text-color has-link-color has-small-font-size wp-elements-58c7197feecb3dd0cd7d460d743702f0\" style=\"margin-top:0;margin-bottom:0\">sis. alv 25,5%<\/p>\n<\/div>\n\n\n\n<div class=\"wp-block-buttons is-layout-flex wp-block-buttons-is-layout-flex\">\n<div class=\"wp-block-button\"><a class=\"wp-block-button__link wp-element-button\" href=\"https:\/\/puresolid.fi\/index.php\/wave-xl\/\">Tutustu<\/a><\/div>\n<\/div>\n<\/div>\n<\/div>\n<\/div>\n<\/div>\n<\/div>\n\n\n\n<div style=\"height:23px\" aria-hidden=\"true\" class=\"wp-block-spacer\"><\/div>\n\n\n\n<div class=\"wp-block-buttons is-content-justification-center is-layout-flex wp-container-core-buttons-is-layout-a89b3969 wp-block-buttons-is-layout-flex\">\n<div class=\"wp-block-button\"><a class=\"wp-block-button__link wp-element-button\" href=\"https:\/\/puresolid.fi\/#mallisto\">Takaisin mallistoon<\/a><\/div>\n<\/div>\n\n\n\n<div style=\"height:55px\" aria-hidden=\"true\" class=\"wp-block-spacer\"><\/div>\n","protected":false},"excerpt":{"rendered":"<p>Mallisto \/ Wave Wave allaskaapit Mallistosta on saataville nelj\u00e4 eri kokoversiota. Valitse alta olevista malleista sopivin. Klikkaamalla tuotetta p\u00e4\u00e4set muokkaamaan v\u00e4rej\u00e4, mittoja ja allasm\u00e4\u00e4ri\u00e4. Wave S Alkaen 1197 \u20ac sis. alv 25,5% Wave M Alkaen 1660 \u20ac sis. alv 25,5% Wave L Alkaen 1364 \u20ac sis. alv 25,5% Wave XL Alkaen 1995 \u20ac sis. alv [&hellip;]<\/p>\n","protected":false},"author":1,"featured_media":0,"parent":0,"menu_order":0,"comment_status":"closed","ping_status":"closed","template":"","meta":{"footnotes":""},"class_list":["post-88","page","type-page","status-publish","hentry"],"_links":{"self":[{"href":"https:\/\/puresolid.fi\/index.php\/wp-json\/wp\/v2\/pages\/88","targetHints":{"allow":["GET"]}}],"collection":[{"href":"https:\/\/puresolid.fi\/index.php\/wp-json\/wp\/v2\/pages"}],"about":[{"href":"https:\/\/puresolid.fi\/index.php\/wp-json\/wp\/v2\/types\/page"}],"author":[{"embeddable":true,"href":"https:\/\/puresolid.fi\/index.php\/wp-json\/wp\/v2\/users\/1"}],"replies":[{"embeddable":true,"href":"https:\/\/puresolid.fi\/index.php\/wp-json\/wp\/v2\/comments?post=88"}],"version-history":[{"count":31,"href":"https:\/\/puresolid.fi\/index.php\/wp-json\/wp\/v2\/pages\/88\/revisions"}],"predecessor-version":[{"id":1625,"href":"https:\/\/puresolid.fi\/index.php\/wp-json\/wp\/v2\/pages\/88\/revisions\/1625"}],"wp:attachment":[{"href":"https:\/\/puresolid.fi\/index.php\/wp-json\/wp\/v2\/media?parent=88"}],"curies":[{"name":"wp","href":"https:\/\/api.w.org\/{rel}","templated":true}]}}