{"id":637,"date":"2024-09-05T06:22:14","date_gmt":"2024-09-05T06:22:14","guid":{"rendered":"https:\/\/puresolid.joda.fi\/?page_id=637"},"modified":"2025-05-27T05:54:51","modified_gmt":"2025-05-27T05:54:51","slug":"top-mirror","status":"publish","type":"page","link":"https:\/\/puresolid.fi\/index.php\/top-mirror\/","title":{"rendered":"Top Mirror"},"content":{"rendered":"\n<div class=\"wp-block-cover alignfull has-custom-content-position is-position-bottom-center\" style=\"padding-top:var(--wp--preset--spacing--40);padding-bottom:var(--wp--preset--spacing--40);min-height:682px;aspect-ratio:unset;\"><img loading=\"lazy\" decoding=\"async\" width=\"2000\" height=\"1389\" class=\"wp-block-cover__image-background wp-image-1693\" alt=\"Puresolid - kylpyhuoneen peilikaappi, Top Mirror\" src=\"https:\/\/puresolid.fi\/wp-content\/uploads\/2025\/03\/fiilis-Lava_Rock-topMirror-valolipas.jpg\" style=\"object-position:51% 31%\" data-object-fit=\"cover\" data-object-position=\"51% 31%\" srcset=\"https:\/\/puresolid.fi\/wp-content\/uploads\/2025\/03\/fiilis-Lava_Rock-topMirror-valolipas.jpg 2000w, https:\/\/puresolid.fi\/wp-content\/uploads\/2025\/03\/fiilis-Lava_Rock-topMirror-valolipas-300x208.jpg 300w, https:\/\/puresolid.fi\/wp-content\/uploads\/2025\/03\/fiilis-Lava_Rock-topMirror-valolipas-1024x711.jpg 1024w, https:\/\/puresolid.fi\/wp-content\/uploads\/2025\/03\/fiilis-Lava_Rock-topMirror-valolipas-768x533.jpg 768w, https:\/\/puresolid.fi\/wp-content\/uploads\/2025\/03\/fiilis-Lava_Rock-topMirror-valolipas-1536x1067.jpg 1536w\" sizes=\"auto, (max-width: 2000px) 100vw, 2000px\" \/><span aria-hidden=\"true\" class=\"wp-block-cover__background has-background-dim-100 has-background-dim wp-block-cover__gradient-background has-background-gradient\" style=\"background:linear-gradient(180deg,rgb(255,255,255) 0%,rgba(255,255,255,0) 16%)\"><\/span><div class=\"wp-block-cover__inner-container has-global-padding is-layout-constrained wp-block-cover-is-layout-constrained\">\n<div class=\"wp-block-buttons is-content-justification-center is-layout-flex wp-container-core-buttons-is-layout-a89b3969 wp-block-buttons-is-layout-flex\">\n<div class=\"wp-block-button\"><a class=\"wp-block-button__link wp-element-button\" href=\"https:\/\/puresolid.fi\/index.php\/top-mirror-builder\/\">Rakenna oma kaappisi<\/a><\/div>\n<\/div>\n<\/div><\/div>\n\n\n\n<p class=\"has-text-align-center has-contrast-2-color has-text-color has-link-color has-small-font-size wp-elements-61c0d2130b0b7cd0f8520df6b55c6da6\"><a href=\"https:\/\/puresolid.fi\/#mallisto\">Mallisto<\/a> \/ <strong>Top Mirror<\/strong><\/p>\n\n\n\n<h1 class=\"wp-block-heading has-text-align-center\">Top Mirror &#8211; peilikaappi<\/h1>\n\n\n\n<h2 class=\"wp-block-heading has-text-align-center tuote-alaotsikko\">Peilikaappi pistorasialla tai valolla<\/h2>\n\n\n\n<p class=\"has-text-align-center\">Vedenkest\u00e4v\u00e4 ja Suomessa valmistettu kylpyhuonekaluste.<br>Saatavana eri syvyys- ja pituusvaihtoehdoilla.<\/p>\n\n\n\n<div id=\"tilaa\" class=\"wp-block-group has-global-padding is-layout-constrained wp-block-group-is-layout-constrained\">\n<h2 class=\"wp-block-heading has-text-align-center has-accent-3-color has-text-color has-link-color has-large-font-size wp-elements-3fb6895a1eb8e4e1153d9bf0174a59e6\">Muokkaa ja tilaa itsellesi sopiva<\/h2>\n\n\n\n<div class=\"wp-block-group is-content-justification-center is-nowrap is-layout-flex wp-container-core-group-is-layout-23441af8 wp-block-group-is-layout-flex\">\n<figure class=\"wp-block-image size-full is-resized\"><img loading=\"lazy\" decoding=\"async\" width=\"960\" height=\"711\" src=\"https:\/\/puresolid.fi\/wp-content\/uploads\/2025\/04\/topMirror-2025-slow.gif\" alt=\"\" class=\"wp-image-1884\" style=\"object-fit:cover;width:427px;height:auto\"\/><\/figure>\n<\/div>\n\n\n\n<div class=\"wp-block-buttons is-content-justification-center is-layout-flex wp-container-core-buttons-is-layout-a89b3969 wp-block-buttons-is-layout-flex\">\n<div class=\"wp-block-button\"><a class=\"wp-block-button__link wp-element-button\" href=\"https:\/\/puresolid.fi\/index.php\/top-mirror-builder\/\">Suunnittele ja tilaa<\/a><\/div>\n<\/div>\n\n\n\n<hr class=\"wp-block-separator has-alpha-channel-opacity is-style-wide\"\/>\n<\/div>\n\n\n\n<h2 class=\"wp-block-heading\" id=\"tuotekuvaus\">Tuotekuvaus<\/h2>\n\n\n\n<p>Peilikaappi on Corian\u00ae-komposiittikive\u00e4. Kaapin sis\u00e4ll\u00e4 on kaksi liikuteltavaa hylly\u00e4. Peiliovet toimivat hidastetuilla saranoilla. Kaapin yl\u00e4osassa on peitekotelo, johon s\u00e4hk\u00f6mies voi kytke\u00e4 pistorasian tai valot.<\/p>\n\n\n\n<p>Kuvassa peilikaapissa on lis\u00e4varusteena saatava valolippa, joka mitoitetaan tarkasti kaappiin istuvaksi.<\/p>\n\n\n\n<p>Corian tarjoaa l\u00e4hes t\u00e4ydellisen materiaalin kylpyhuoneisiin. Sen pinta on helposti puhdistettavissa vaikeimmistakin tahroista. My\u00f6s iskun- ja naarmunkest\u00e4vyys on poikkeuksellinen muihin materiaaleihin verrattuna. Corian mahdollistaa my\u00f6s saumattoman rakenteen.<\/p>\n\n\n\n<p>Kaluste toimitetaan aina kasattuna ja vanerilaatikkoon pakattuna. Pakkaus sis\u00e4lt\u00e4\u00e4 my\u00f6s asennushelat<br><br>Yli 1200 leve\u00e4\u00e4 valolippaa k\u00e4ytet\u00e4\u00e4n peilikappien p\u00e4\u00e4ll\u00e4,<br>kun peilikaappirunkoja on useampi vierekk\u00e4in.<br>Top Mirror kaapit valmistetaan aina vakiomittaisina<\/p>\n\n\n\n<hr class=\"wp-block-separator has-alpha-channel-opacity is-style-wide\"\/>\n\n\n\n<h3 class=\"wp-block-heading has-accent-3-color has-text-color has-link-color wp-elements-cfefc3722b2bdf2c0244ba7a258b8a63\">Materiaalit<\/h3>\n\n\n\n<p><\/p>\n\n\n\n<figure class=\"wp-block-table is-style-stripes\"><table><tbody><tr><td><strong>Runko<\/strong><\/td><td>Kosteuden kest\u00e4v\u00e4 Corian-komposiitti<\/td><\/tr><tr><td><strong>Ovet:<\/strong><\/td><td>Peililasi oven molemmilla puolilla<\/td><\/tr><\/tbody><\/table><\/figure>\n\n\n\n<div class=\"wp-block-buttons is-layout-flex wp-block-buttons-is-layout-flex\">\n<div class=\"wp-block-button\"><a class=\"wp-block-button__link wp-element-button\" href=\"https:\/\/puresolid.fi\/index.php\/corian-varivaihtoehdot\/\">Tutustu Corian\u00ae -komposiittiin<\/a><\/div>\n<\/div>\n\n\n\n<hr class=\"wp-block-separator has-alpha-channel-opacity is-style-wide\"\/>\n\n\n\n<h3 class=\"wp-block-heading has-accent-3-color has-text-color has-link-color wp-elements-7c7af2e09f11f77400e709993cd0afdc\">Asennus<\/h3>\n\n\n\n<p>S\u00e4\u00e4dett\u00e4v\u00e4t kiinnityshelat sein\u00e4kiskolla<\/p>\n\n\n\n<div class=\"wp-block-buttons is-layout-flex wp-block-buttons-is-layout-flex\">\n<div class=\"wp-block-button\"><a class=\"wp-block-button__link wp-element-button\" href=\"https:\/\/puresolid.fi\/wp-content\/uploads\/2025\/05\/PureSolid-peilikaapin_komeron-asennusohje.pdf\">Asennusohje (PDF)<\/a><\/div>\n<\/div>\n\n\n\n<hr class=\"wp-block-separator has-alpha-channel-opacity is-style-wide\"\/>\n\n\n\n<h2 class=\"wp-block-heading\">Lis\u00e4tiedot<\/h2>\n\n\n\n<figure class=\"wp-block-table is-style-stripes\"><table><tbody><tr><td>Leveydet (mm)<\/td><td>300 &#8211; 1200<\/td><\/tr><tr><td>Kokonaissyvyys (mm)<\/td><td>150<\/td><\/tr><tr><td>Runkosyvyys (mm)<\/td><td>140<\/td><\/tr><tr><td>Kaapin korkeus (mm)<\/td><td>708<\/td><\/tr><tr><td>Valolippa korkeus (mm) *<\/td><td>12<\/td><\/tr><tr><td>Valolippa syvyys (mm) *<\/td><td>190<\/td><\/tr><tr><td>Nettopainot<\/td><td>14-32 kg<\/td><\/tr><\/tbody><\/table><\/figure>\n\n\n\n<hr class=\"wp-block-separator has-alpha-channel-opacity is-style-wide\"\/>\n\n\n\n<p>* Valolippa myyd\u00e4\u00e4n erikseen  lis\u00e4tuotteena.<\/p>\n\n\n\n<div class=\"wp-block-buttons is-layout-flex wp-block-buttons-is-layout-flex\">\n<div class=\"wp-block-button\"><a class=\"wp-block-button__link wp-element-button\" href=\"https:\/\/puresolid.fi\/index.php\/puresolid-jalleenmyyjat\/\">J\u00e4lleenmyyj\u00e4t<\/a><\/div>\n<\/div>\n\n\n\n<div style=\"height:55px\" aria-hidden=\"true\" class=\"wp-block-spacer\"><\/div>\n","protected":false},"excerpt":{"rendered":"<p>Mallisto \/ Top Mirror Top Mirror &#8211; peilikaappi Peilikaappi pistorasialla tai valolla Vedenkest\u00e4v\u00e4 ja Suomessa valmistettu kylpyhuonekaluste.Saatavana eri syvyys- ja pituusvaihtoehdoilla. Muokkaa ja tilaa itsellesi sopiva Tuotekuvaus Peilikaappi on Corian\u00ae-komposiittikive\u00e4. Kaapin sis\u00e4ll\u00e4 on kaksi liikuteltavaa hylly\u00e4. Peiliovet toimivat hidastetuilla saranoilla. Kaapin yl\u00e4osassa on peitekotelo, johon s\u00e4hk\u00f6mies voi kytke\u00e4 pistorasian tai valot. Kuvassa peilikaapissa on lis\u00e4varusteena [&hellip;]<\/p>\n","protected":false},"author":1,"featured_media":0,"parent":0,"menu_order":0,"comment_status":"closed","ping_status":"closed","template":"","meta":{"footnotes":""},"class_list":["post-637","page","type-page","status-publish","hentry"],"_links":{"self":[{"href":"https:\/\/puresolid.fi\/index.php\/wp-json\/wp\/v2\/pages\/637","targetHints":{"allow":["GET"]}}],"collection":[{"href":"https:\/\/puresolid.fi\/index.php\/wp-json\/wp\/v2\/pages"}],"about":[{"href":"https:\/\/puresolid.fi\/index.php\/wp-json\/wp\/v2\/types\/page"}],"author":[{"embeddable":true,"href":"https:\/\/puresolid.fi\/index.php\/wp-json\/wp\/v2\/users\/1"}],"replies":[{"embeddable":true,"href":"https:\/\/puresolid.fi\/index.php\/wp-json\/wp\/v2\/comments?post=637"}],"version-history":[{"count":21,"href":"https:\/\/puresolid.fi\/index.php\/wp-json\/wp\/v2\/pages\/637\/revisions"}],"predecessor-version":[{"id":2330,"href":"https:\/\/puresolid.fi\/index.php\/wp-json\/wp\/v2\/pages\/637\/revisions\/2330"}],"wp:attachment":[{"href":"https:\/\/puresolid.fi\/index.php\/wp-json\/wp\/v2\/media?parent=637"}],"curies":[{"name":"wp","href":"https:\/\/api.w.org\/{rel}","templated":true}]}}