{"id":576,"date":"2024-09-05T05:09:53","date_gmt":"2024-09-05T05:09:53","guid":{"rendered":"https:\/\/puresolid.joda.fi\/?page_id=576"},"modified":"2025-03-25T19:40:31","modified_gmt":"2025-03-25T19:40:31","slug":"wave-m","status":"publish","type":"page","link":"https:\/\/puresolid.fi\/index.php\/wave-m\/","title":{"rendered":"Wave M"},"content":{"rendered":"\n<div class=\"wp-block-cover alignfull has-custom-content-position is-position-bottom-center\" style=\"padding-top:var(--wp--preset--spacing--40);padding-bottom:var(--wp--preset--spacing--40);min-height:70vh;aspect-ratio:unset;\"><span aria-hidden=\"true\" class=\"wp-block-cover__background has-background-dim-100 has-background-dim wp-block-cover__gradient-background has-background-gradient\" style=\"background:linear-gradient(180deg,rgb(255,255,255) 0%,rgba(255,255,255,0) 16%)\"><\/span><img loading=\"lazy\" decoding=\"async\" width=\"2560\" height=\"1997\" class=\"wp-block-cover__image-background wp-image-577\" alt=\"Puresolid - Wave M, kylpyhoeneen allaskaappi\" src=\"https:\/\/puresolid.fi\/wp-content\/uploads\/2024\/09\/fiilis-Artista_Beige-s3-wave-m-r-scaled.jpg\" style=\"object-position:28% 80%\" data-object-fit=\"cover\" data-object-position=\"28% 80%\" srcset=\"https:\/\/puresolid.fi\/wp-content\/uploads\/2024\/09\/fiilis-Artista_Beige-s3-wave-m-r-scaled.jpg 2560w, https:\/\/puresolid.fi\/wp-content\/uploads\/2024\/09\/fiilis-Artista_Beige-s3-wave-m-r-300x234.jpg 300w, https:\/\/puresolid.fi\/wp-content\/uploads\/2024\/09\/fiilis-Artista_Beige-s3-wave-m-r-1024x799.jpg 1024w, https:\/\/puresolid.fi\/wp-content\/uploads\/2024\/09\/fiilis-Artista_Beige-s3-wave-m-r-768x599.jpg 768w, https:\/\/puresolid.fi\/wp-content\/uploads\/2024\/09\/fiilis-Artista_Beige-s3-wave-m-r-1536x1198.jpg 1536w, https:\/\/puresolid.fi\/wp-content\/uploads\/2024\/09\/fiilis-Artista_Beige-s3-wave-m-r-2048x1598.jpg 2048w\" sizes=\"auto, (max-width: 2560px) 100vw, 2560px\" \/><div class=\"wp-block-cover__inner-container has-global-padding is-layout-constrained wp-block-cover-is-layout-constrained\">\n<div class=\"wp-block-buttons is-content-justification-center is-layout-flex wp-container-core-buttons-is-layout-a89b3969 wp-block-buttons-is-layout-flex\">\n<div class=\"wp-block-button\"><a class=\"wp-block-button__link wp-element-button\" href=\"https:\/\/puresolid.fi\/index.php\/wave-m-builder\/\">Rakenna oma kaappisi<\/a><\/div>\n<\/div>\n<\/div><\/div>\n\n\n\n<p class=\"has-contrast-2-color has-text-color has-link-color has-small-font-size wp-elements-01d6124516b878b52ef2713415f330c5\"><a href=\"https:\/\/puresolid.fi\/#mallisto\">Mallisto<\/a> \/ <a href=\"https:\/\/puresolid.fi\/index.php\/wave\/#mallisto\" data-type=\"page\" data-id=\"88\">Wave<\/a> \/ <strong>Wave M<\/strong><\/p>\n\n\n\n<h1 class=\"wp-block-heading has-text-align-center\">Wave M &#8211; allaskaappi<\/h1>\n\n\n\n<p class=\"has-text-align-center\">Yhdell\u00e4 tai kahdella keskitetyll\u00e4 altaalla oleva yksikerroksinen siro kaappi.  Saatavana eri syvyys- ja pituusvaihtoehdoilla.<\/p>\n\n\n\n<div id=\"tilaa\" class=\"wp-block-group has-global-padding is-layout-constrained wp-block-group-is-layout-constrained\">\n<h2 class=\"wp-block-heading has-text-align-center has-accent-3-color has-text-color has-link-color has-large-font-size wp-elements-3fb6895a1eb8e4e1153d9bf0174a59e6\">Muokkaa ja tilaa itsellesi sopiva<\/h2>\n\n\n\n<div class=\"wp-block-group is-content-justification-center is-nowrap is-layout-flex wp-container-core-group-is-layout-23441af8 wp-block-group-is-layout-flex\">\n<figure class=\"wp-block-image size-full\"><img loading=\"lazy\" decoding=\"async\" width=\"960\" height=\"443\" src=\"https:\/\/puresolid.fi\/wp-content\/uploads\/2024\/09\/designer-anim-wave-s.gif\" alt=\"Puresolid - Wave M, kylpyhoeneen allaskaappi. Klikkaa ja suunnittele omasi!\" class=\"wp-image-932\" style=\"object-fit:cover\"\/><\/figure>\n<\/div>\n\n\n\n<div class=\"wp-block-buttons is-content-justification-center is-layout-flex wp-container-core-buttons-is-layout-a89b3969 wp-block-buttons-is-layout-flex\">\n<div class=\"wp-block-button\"><a class=\"wp-block-button__link wp-element-button\" href=\"https:\/\/puresolid.fi\/index.php\/wave-m-builder\/\">Suunnittele ja tilaa<\/a><\/div>\n<\/div>\n<\/div>\n\n\n\n<h2 class=\"wp-block-heading\" id=\"tuotekuvaus\">Tuotekuvaus<\/h2>\n\n\n\n<p>Kylpyhuoneen kalusteen kaikki ulkopinnat ovat komposiittikive\u00e4, joka tarjoaa t\u00e4ydellisen materiaalin kylpyhuoneisiin. Sen pinta on helposti puhdistettavissa vaikeimmistakin tahroista. My\u00f6s iskun- ja naarmunkest\u00e4vyys on poikkeuksellinen muihin materiaaleihin verrattuna.<\/p>\n\n\n\n<p>Komposiittikivi mahdollistaa saumattoman rakenteen, joten altaan ja tason v\u00e4liss\u00e4 ei ole lainkaan rakoja. My\u00f6s kaapin sivut ovat saumattomasti kiinni tasossa. Kalusteen laatikoissa on k\u00e4ytetty laadukkaita Hettich-kiskoja ja alumiinikomposiittia vedenkest\u00e4vyyden saavuttamiseksi.<\/p>\n\n\n\n<p>Kylpyhuoneen kaluste toimitetaan aina kasattuna ja vanerilaatikkoon pakattuna. Pakkaus sis\u00e4lt\u00e4\u00e4 my\u00f6s asennushelat sek\u00e4 Prevex-putkiosat pop-up-venttiilill\u00e4.<\/p>\n\n\n\n<hr class=\"wp-block-separator has-alpha-channel-opacity is-style-wide\"\/>\n\n\n\n<h3 class=\"wp-block-heading has-accent-3-color has-text-color has-link-color wp-elements-cfefc3722b2bdf2c0244ba7a258b8a63\">Materiaalit<\/h3>\n\n\n\n<p><\/p>\n\n\n\n<figure class=\"wp-block-table is-style-stripes\"><table><tbody><tr><td><strong>Runko<\/strong><\/td><td>Veden kest\u00e4v\u00e4 komposiittikivi<\/td><\/tr><tr><td><strong>Etusarjat:<\/strong><\/td><td>Veden kest\u00e4v\u00e4 komposiittikivi<\/td><\/tr><tr><td><strong>Taso:<\/strong><\/td><td>Veden kest\u00e4v\u00e4 komposiittikivi<\/td><\/tr><tr><td><strong>Allas:<\/strong><\/td><td>Veden kest\u00e4v\u00e4 komposiittikivi<\/td><\/tr><tr><td><strong>Laatikon sivut:<\/strong>&nbsp;<\/td><td>pintak\u00e4sitelty metalli<\/td><\/tr><tr><td><strong>Laatikon pohja:<\/strong>&nbsp;<\/td><td>Alumiinikomposiitti<\/td><\/tr><\/tbody><\/table><\/figure>\n\n\n\n<hr class=\"wp-block-separator has-alpha-channel-opacity is-style-wide\"\/>\n\n\n\n<h3 class=\"wp-block-heading has-accent-3-color has-text-color has-link-color wp-elements-7c7af2e09f11f77400e709993cd0afdc\">Asennus<\/h3>\n\n\n\n<p>S\u00e4\u00e4dett\u00e4v\u00e4t kiinnityshelat sein\u00e4kiskolla<\/p>\n\n\n\n<div class=\"wp-block-buttons is-layout-flex wp-block-buttons-is-layout-flex\">\n<div class=\"wp-block-button\"><a class=\"wp-block-button__link wp-element-button\" href=\"https:\/\/puresolid.fi\/wp-content\/uploads\/2025\/05\/PureSolid-allaskaapin-asennusohje.pdf\">Asennusohje (PDF)<\/a><\/div>\n<\/div>\n\n\n\n<hr class=\"wp-block-separator has-alpha-channel-opacity is-style-wide\"\/>\n\n\n\n<h3 class=\"wp-block-heading has-accent-3-color has-text-color has-link-color wp-elements-0ec288d53854a0aa7ec71904419b8178\">Laatikon mekanismi<\/h3>\n\n\n\n<p>Hettich pehme\u00e4sti sulkeutuva<\/p>\n\n\n\n<hr class=\"wp-block-separator has-alpha-channel-opacity is-style-wide\"\/>\n\n\n\n<h2 class=\"wp-block-heading\">Lis\u00e4tiedot<\/h2>\n\n\n\n<figure class=\"wp-block-table is-style-stripes\"><table><tbody><tr><td>Leveydet (mm)<\/td><td>1200-2400 mm<\/td><\/tr><tr><td>Syvyydet (mm)<\/td><td>350, 400, 450<\/td><\/tr><tr><td>Korkeus (mm)<\/td><td>320<\/td><\/tr><tr><td>Altaan syvyys (mm)<\/td><td>200, 260, 300<\/td><\/tr><tr><td>Altaan korkeus (mm)<\/td><td>\u224880, \u2248100<\/td><\/tr><tr><td>Altaan leveys (mm)<\/td><td>400, 500<\/td><\/tr><tr><td>Nettopainot<\/td><td>18-32 kg<\/td><\/tr><\/tbody><\/table><\/figure>\n\n\n\n<hr class=\"wp-block-separator has-alpha-channel-opacity is-style-wide\"\/>\n\n\n\n<div class=\"wp-block-buttons is-layout-flex wp-block-buttons-is-layout-flex\">\n<div class=\"wp-block-button\"><a class=\"wp-block-button__link wp-element-button\" href=\"https:\/\/puresolid.fi\/index.php\/puresolid-jalleenmyyjat\/\">J\u00e4lleenmyyj\u00e4t<\/a><\/div>\n<\/div>\n\n\n\n<h2 class=\"wp-block-heading\">Muut Wave-malliston allaskaapit<\/h2>\n\n\n\n<div class=\"wp-block-columns alignwide is-layout-flex wp-container-core-columns-is-layout-28f84493 wp-block-columns-is-layout-flex\">\n<div class=\"wp-block-column is-layout-flow wp-block-column-is-layout-flow\">\n<div class=\"wp-block-columns is-layout-flex wp-container-core-columns-is-layout-28f84493 wp-block-columns-is-layout-flex\">\n<div class=\"wp-block-column is-layout-flow wp-block-column-is-layout-flow\">\n<div class=\"wp-block-group nosto has-base-2-background-color has-background is-vertical is-content-justification-center is-layout-flex wp-container-core-group-is-layout-d6c83077 wp-block-group-is-layout-flex\" style=\"padding-top:0;padding-bottom:var(--wp--preset--spacing--10)\">\n<figure data-wp-context=\"{&quot;imageId&quot;:&quot;69f9f367f0862&quot;}\" data-wp-interactive=\"core\/image\" data-wp-key=\"69f9f367f0862\" class=\"wp-block-image size-large wp-lightbox-container\"><img loading=\"lazy\" decoding=\"async\" width=\"1024\" height=\"802\" data-wp-class--hide=\"state.isContentHidden\" data-wp-class--show=\"state.isContentVisible\" data-wp-init=\"callbacks.setButtonStyles\" data-wp-on--click=\"actions.showLightbox\" data-wp-on--load=\"callbacks.setButtonStyles\" data-wp-on-window--resize=\"callbacks.setButtonStyles\" src=\"https:\/\/puresolid.fi\/wp-content\/uploads\/2024\/08\/wave-sLava_Rock-s4-1024x802.jpg\" alt=\"Puresolid - Wave M, kylpyhoeneen allaskaappi\" class=\"wp-image-143\" style=\"object-fit:cover\" srcset=\"https:\/\/puresolid.fi\/wp-content\/uploads\/2024\/08\/wave-sLava_Rock-s4-1024x802.jpg 1024w, https:\/\/puresolid.fi\/wp-content\/uploads\/2024\/08\/wave-sLava_Rock-s4-300x235.jpg 300w, https:\/\/puresolid.fi\/wp-content\/uploads\/2024\/08\/wave-sLava_Rock-s4-768x602.jpg 768w, https:\/\/puresolid.fi\/wp-content\/uploads\/2024\/08\/wave-sLava_Rock-s4-1536x1203.jpg 1536w, https:\/\/puresolid.fi\/wp-content\/uploads\/2024\/08\/wave-sLava_Rock-s4.jpg 2000w\" sizes=\"auto, (max-width: 1024px) 100vw, 1024px\" \/><button\n\t\t\tclass=\"lightbox-trigger\"\n\t\t\ttype=\"button\"\n\t\t\taria-haspopup=\"dialog\"\n\t\t\taria-label=\"Suurenna\"\n\t\t\tdata-wp-init=\"callbacks.initTriggerButton\"\n\t\t\tdata-wp-on--click=\"actions.showLightbox\"\n\t\t\tdata-wp-style--right=\"state.imageButtonRight\"\n\t\t\tdata-wp-style--top=\"state.imageButtonTop\"\n\t\t>\n\t\t\t<svg xmlns=\"http:\/\/www.w3.org\/2000\/svg\" width=\"12\" height=\"12\" fill=\"none\" viewBox=\"0 0 12 12\">\n\t\t\t\t<path fill=\"#fff\" d=\"M2 0a2 2 0 0 0-2 2v2h1.5V2a.5.5 0 0 1 .5-.5h2V0H2Zm2 10.5H2a.5.5 0 0 1-.5-.5V8H0v2a2 2 0 0 0 2 2h2v-1.5ZM8 12v-1.5h2a.5.5 0 0 0 .5-.5V8H12v2a2 2 0 0 1-2 2H8Zm2-12a2 2 0 0 1 2 2v2h-1.5V2a.5.5 0 0 0-.5-.5H8V0h2Z\" \/>\n\t\t\t<\/svg>\n\t\t<\/button><\/figure>\n\n\n\n<h3 class=\"wp-block-heading has-text-align-center tuotelinkki\"><a href=\"https:\/\/puresolid.fi\/index.php\/wave-s\/\" data-type=\"page\" data-id=\"297\">Wave S<\/a><\/h3>\n\n\n\n<hr class=\"wp-block-separator has-alpha-channel-opacity\"\/>\n\n\n\n<div class=\"wp-block-group has-global-padding is-layout-constrained wp-block-group-is-layout-constrained\">\n<p class=\"hinta has-accent-3-color has-text-color has-link-color wp-elements-22f2251c32c954e74e30c640b5e8b025\" style=\"margin-top:0;margin-bottom:0\"><strong>Alkaen 1197 \u20ac<\/strong><\/p>\n\n\n\n<p class=\"has-text-align-center has-contrast-3-color has-text-color has-link-color has-small-font-size wp-elements-58c7197feecb3dd0cd7d460d743702f0\" style=\"margin-top:0;margin-bottom:0\">sis. alv 25,5%<\/p>\n<\/div>\n\n\n\n<div class=\"wp-block-buttons is-layout-flex wp-block-buttons-is-layout-flex\">\n<div class=\"wp-block-button\"><a class=\"wp-block-button__link wp-element-button\" href=\"https:\/\/puresolid.fi\/index.php\/wave-s\/\">Tutustu<\/a><\/div>\n<\/div>\n<\/div>\n<\/div>\n\n\n\n<div class=\"wp-block-column is-layout-flow wp-block-column-is-layout-flow\">\n<div class=\"wp-block-group nosto has-base-2-background-color has-background is-vertical is-content-justification-center is-layout-flex wp-container-core-group-is-layout-d6c83077 wp-block-group-is-layout-flex\" style=\"padding-top:0;padding-bottom:var(--wp--preset--spacing--10)\">\n<figure data-wp-context=\"{&quot;imageId&quot;:&quot;69f9f367f0c92&quot;}\" data-wp-interactive=\"core\/image\" data-wp-key=\"69f9f367f0c92\" class=\"wp-block-image size-large wp-lightbox-container\"><img loading=\"lazy\" decoding=\"async\" width=\"1024\" height=\"802\" data-wp-class--hide=\"state.isContentHidden\" data-wp-class--show=\"state.isContentVisible\" data-wp-init=\"callbacks.setButtonStyles\" data-wp-on--click=\"actions.showLightbox\" data-wp-on--load=\"callbacks.setButtonStyles\" data-wp-on-window--resize=\"callbacks.setButtonStyles\" src=\"https:\/\/puresolid.fi\/wp-content\/uploads\/2024\/08\/wave-lLava_Rock-s8-1024x802.jpg\" alt=\"Puresolid - Wave L, kylpyhoeneen allaskaappi\" class=\"wp-image-146\" style=\"object-fit:cover\" srcset=\"https:\/\/puresolid.fi\/wp-content\/uploads\/2024\/08\/wave-lLava_Rock-s8-1024x802.jpg 1024w, https:\/\/puresolid.fi\/wp-content\/uploads\/2024\/08\/wave-lLava_Rock-s8-300x235.jpg 300w, https:\/\/puresolid.fi\/wp-content\/uploads\/2024\/08\/wave-lLava_Rock-s8-768x602.jpg 768w, https:\/\/puresolid.fi\/wp-content\/uploads\/2024\/08\/wave-lLava_Rock-s8-1536x1203.jpg 1536w, https:\/\/puresolid.fi\/wp-content\/uploads\/2024\/08\/wave-lLava_Rock-s8.jpg 2000w\" sizes=\"auto, (max-width: 1024px) 100vw, 1024px\" \/><button\n\t\t\tclass=\"lightbox-trigger\"\n\t\t\ttype=\"button\"\n\t\t\taria-haspopup=\"dialog\"\n\t\t\taria-label=\"Suurenna\"\n\t\t\tdata-wp-init=\"callbacks.initTriggerButton\"\n\t\t\tdata-wp-on--click=\"actions.showLightbox\"\n\t\t\tdata-wp-style--right=\"state.imageButtonRight\"\n\t\t\tdata-wp-style--top=\"state.imageButtonTop\"\n\t\t>\n\t\t\t<svg xmlns=\"http:\/\/www.w3.org\/2000\/svg\" width=\"12\" height=\"12\" fill=\"none\" viewBox=\"0 0 12 12\">\n\t\t\t\t<path fill=\"#fff\" d=\"M2 0a2 2 0 0 0-2 2v2h1.5V2a.5.5 0 0 1 .5-.5h2V0H2Zm2 10.5H2a.5.5 0 0 1-.5-.5V8H0v2a2 2 0 0 0 2 2h2v-1.5ZM8 12v-1.5h2a.5.5 0 0 0 .5-.5V8H12v2a2 2 0 0 1-2 2H8Zm2-12a2 2 0 0 1 2 2v2h-1.5V2a.5.5 0 0 0-.5-.5H8V0h2Z\" \/>\n\t\t\t<\/svg>\n\t\t<\/button><\/figure>\n\n\n\n<h3 class=\"wp-block-heading has-text-align-center tuotelinkki\"><a href=\"https:\/\/puresolid.fi\/index.php\/wave-l\/\" data-type=\"page\" data-id=\"581\">Wave L<\/a><\/h3>\n\n\n\n<hr class=\"wp-block-separator has-alpha-channel-opacity\"\/>\n\n\n\n<div class=\"wp-block-group has-global-padding is-layout-constrained wp-block-group-is-layout-constrained\">\n<p class=\"hinta has-accent-3-color has-text-color has-link-color wp-elements-9abc9da3a0fb0bdbe231f9600e4d5afc\" style=\"margin-top:0;margin-bottom:0\"><strong>Alkaen 1364 \u20ac<\/strong><\/p>\n\n\n\n<p class=\"has-text-align-center has-contrast-3-color has-text-color has-link-color has-small-font-size wp-elements-58c7197feecb3dd0cd7d460d743702f0\" style=\"margin-top:0;margin-bottom:0\">sis. alv 25,5%<\/p>\n<\/div>\n\n\n\n<div class=\"wp-block-buttons is-layout-flex wp-block-buttons-is-layout-flex\">\n<div class=\"wp-block-button\"><a class=\"wp-block-button__link wp-element-button\" href=\"https:\/\/puresolid.fi\/index.php\/wave-l\/\">Tutustu<\/a><\/div>\n<\/div>\n<\/div>\n<\/div>\n\n\n\n<div class=\"wp-block-column is-layout-flow wp-block-column-is-layout-flow\">\n<div class=\"wp-block-group nosto has-base-2-background-color has-background is-vertical is-content-justification-center is-layout-flex wp-container-core-group-is-layout-d6c83077 wp-block-group-is-layout-flex\" style=\"padding-top:0;padding-bottom:var(--wp--preset--spacing--10)\">\n<figure data-wp-context=\"{&quot;imageId&quot;:&quot;69f9f367f10ac&quot;}\" data-wp-interactive=\"core\/image\" data-wp-key=\"69f9f367f10ac\" class=\"wp-block-image size-large wp-lightbox-container\"><img loading=\"lazy\" decoding=\"async\" width=\"1024\" height=\"802\" data-wp-class--hide=\"state.isContentHidden\" data-wp-class--show=\"state.isContentVisible\" data-wp-init=\"callbacks.setButtonStyles\" data-wp-on--click=\"actions.showLightbox\" data-wp-on--load=\"callbacks.setButtonStyles\" data-wp-on-window--resize=\"callbacks.setButtonStyles\" src=\"https:\/\/puresolid.fi\/wp-content\/uploads\/2024\/08\/wave-xl-lrLava_Rock-s2-1024x802.jpg\" alt=\"Puresolid - Wave XL, kylpyhoeneen allaskaappi\" class=\"wp-image-82\" style=\"object-fit:cover\" srcset=\"https:\/\/puresolid.fi\/wp-content\/uploads\/2024\/08\/wave-xl-lrLava_Rock-s2-1024x802.jpg 1024w, https:\/\/puresolid.fi\/wp-content\/uploads\/2024\/08\/wave-xl-lrLava_Rock-s2-300x235.jpg 300w, https:\/\/puresolid.fi\/wp-content\/uploads\/2024\/08\/wave-xl-lrLava_Rock-s2-768x602.jpg 768w, https:\/\/puresolid.fi\/wp-content\/uploads\/2024\/08\/wave-xl-lrLava_Rock-s2-1536x1203.jpg 1536w, https:\/\/puresolid.fi\/wp-content\/uploads\/2024\/08\/wave-xl-lrLava_Rock-s2.jpg 2000w\" sizes=\"auto, (max-width: 1024px) 100vw, 1024px\" \/><button\n\t\t\tclass=\"lightbox-trigger\"\n\t\t\ttype=\"button\"\n\t\t\taria-haspopup=\"dialog\"\n\t\t\taria-label=\"Suurenna\"\n\t\t\tdata-wp-init=\"callbacks.initTriggerButton\"\n\t\t\tdata-wp-on--click=\"actions.showLightbox\"\n\t\t\tdata-wp-style--right=\"state.imageButtonRight\"\n\t\t\tdata-wp-style--top=\"state.imageButtonTop\"\n\t\t>\n\t\t\t<svg xmlns=\"http:\/\/www.w3.org\/2000\/svg\" width=\"12\" height=\"12\" fill=\"none\" viewBox=\"0 0 12 12\">\n\t\t\t\t<path fill=\"#fff\" d=\"M2 0a2 2 0 0 0-2 2v2h1.5V2a.5.5 0 0 1 .5-.5h2V0H2Zm2 10.5H2a.5.5 0 0 1-.5-.5V8H0v2a2 2 0 0 0 2 2h2v-1.5ZM8 12v-1.5h2a.5.5 0 0 0 .5-.5V8H12v2a2 2 0 0 1-2 2H8Zm2-12a2 2 0 0 1 2 2v2h-1.5V2a.5.5 0 0 0-.5-.5H8V0h2Z\" \/>\n\t\t\t<\/svg>\n\t\t<\/button><\/figure>\n\n\n\n<h3 class=\"wp-block-heading has-text-align-center tuotelinkki\"><a href=\"https:\/\/puresolid.fi\/index.php\/wave-xl\/\" data-type=\"page\" data-id=\"587\">Wave XL<\/a><\/h3>\n\n\n\n<hr class=\"wp-block-separator has-alpha-channel-opacity\"\/>\n\n\n\n<div class=\"wp-block-group has-global-padding is-layout-constrained wp-block-group-is-layout-constrained\">\n<p class=\"hinta has-accent-3-color has-text-color has-link-color wp-elements-753f5c548b8ef27aeaf44381dd4c08c3\" style=\"margin-top:0;margin-bottom:0\"><strong>Alkaen 1995 \u20ac<\/strong><\/p>\n\n\n\n<p class=\"has-text-align-center has-contrast-3-color has-text-color has-link-color has-small-font-size wp-elements-58c7197feecb3dd0cd7d460d743702f0\" style=\"margin-top:0;margin-bottom:0\">sis. alv 25,5%<\/p>\n<\/div>\n\n\n\n<div class=\"wp-block-buttons is-layout-flex wp-block-buttons-is-layout-flex\">\n<div class=\"wp-block-button\"><a class=\"wp-block-button__link wp-element-button\" href=\"https:\/\/puresolid.fi\/index.php\/wave-xl\/\">Tutustu<\/a><\/div>\n<\/div>\n<\/div>\n<\/div>\n<\/div>\n<\/div>\n<\/div>\n\n\n\n<div style=\"height:55px\" aria-hidden=\"true\" class=\"wp-block-spacer\"><\/div>\n","protected":false},"excerpt":{"rendered":"<p>Mallisto \/ Wave \/ Wave M Wave M &#8211; allaskaappi Yhdell\u00e4 tai kahdella keskitetyll\u00e4 altaalla oleva yksikerroksinen siro kaappi. Saatavana eri syvyys- ja pituusvaihtoehdoilla. Muokkaa ja tilaa itsellesi sopiva Lis\u00e4tiedot Leveydet (mm) 1200-2400 mm Syvyydet (mm) 350, 400, 450 Korkeus (mm) 320 Altaan syvyys (mm) 200, 260, 300 Altaan korkeus (mm) \u224880, \u2248100 Altaan leveys [&hellip;]<\/p>\n","protected":false},"author":1,"featured_media":0,"parent":0,"menu_order":0,"comment_status":"closed","ping_status":"closed","template":"","meta":{"footnotes":""},"class_list":["post-576","page","type-page","status-publish","hentry"],"_links":{"self":[{"href":"https:\/\/puresolid.fi\/index.php\/wp-json\/wp\/v2\/pages\/576","targetHints":{"allow":["GET"]}}],"collection":[{"href":"https:\/\/puresolid.fi\/index.php\/wp-json\/wp\/v2\/pages"}],"about":[{"href":"https:\/\/puresolid.fi\/index.php\/wp-json\/wp\/v2\/types\/page"}],"author":[{"embeddable":true,"href":"https:\/\/puresolid.fi\/index.php\/wp-json\/wp\/v2\/users\/1"}],"replies":[{"embeddable":true,"href":"https:\/\/puresolid.fi\/index.php\/wp-json\/wp\/v2\/comments?post=576"}],"version-history":[{"count":14,"href":"https:\/\/puresolid.fi\/index.php\/wp-json\/wp\/v2\/pages\/576\/revisions"}],"predecessor-version":[{"id":1649,"href":"https:\/\/puresolid.fi\/index.php\/wp-json\/wp\/v2\/pages\/576\/revisions\/1649"}],"wp:attachment":[{"href":"https:\/\/puresolid.fi\/index.php\/wp-json\/wp\/v2\/media?parent=576"}],"curies":[{"name":"wp","href":"https:\/\/api.w.org\/{rel}","templated":true}]}}