{"id":317,"date":"2024-08-30T18:06:46","date_gmt":"2024-08-30T18:06:46","guid":{"rendered":"https:\/\/puresolid.joda.fi\/?page_id=317"},"modified":"2024-08-30T21:03:22","modified_gmt":"2024-08-30T21:03:22","slug":"tietosuojalausunto","status":"publish","type":"page","link":"https:\/\/puresolid.fi\/index.php\/tietosuojalausunto\/","title":{"rendered":"Tietosuojalausunto"},"content":{"rendered":"\n<div class=\"wp-block-cover alignfull has-custom-content-position is-position-bottom-center\" style=\"margin-bottom:var(--wp--preset--spacing--40);padding-top:var(--wp--preset--spacing--40);padding-bottom:var(--wp--preset--spacing--40);min-height:422px;aspect-ratio:unset;\"><span aria-hidden=\"true\" class=\"wp-block-cover__background has-background-dim-100 has-background-dim wp-block-cover__gradient-background has-background-gradient\" style=\"background:linear-gradient(180deg,rgb(255,255,255) 0%,rgba(255,255,255,0) 16%)\"><\/span><img loading=\"lazy\" decoding=\"async\" width=\"1000\" height=\"667\" class=\"wp-block-cover__image-background wp-image-465\" alt=\"\" src=\"https:\/\/puresolid.fi\/wp-content\/uploads\/2024\/08\/AdobeStock_889878982_Preview.jpeg\" data-object-fit=\"cover\" srcset=\"https:\/\/puresolid.fi\/wp-content\/uploads\/2024\/08\/AdobeStock_889878982_Preview.jpeg 1000w, https:\/\/puresolid.fi\/wp-content\/uploads\/2024\/08\/AdobeStock_889878982_Preview-300x200.jpeg 300w, https:\/\/puresolid.fi\/wp-content\/uploads\/2024\/08\/AdobeStock_889878982_Preview-768x512.jpeg 768w\" sizes=\"auto, (max-width: 1000px) 100vw, 1000px\" \/><div class=\"wp-block-cover__inner-container has-global-padding is-layout-constrained wp-block-cover-is-layout-constrained\">\n<p class=\"has-text-align-center has-large-font-size\"><\/p>\n<\/div><\/div>\n\n\n\n<h1 class=\"wp-block-heading\">Tietosuojalausunto<\/h1>\n\n\n\n<p>Rekisteri- ja tietosuojaseloste<br>T\u00e4m\u00e4 on PureSolid Oy henkil\u00f6tietolain (10 ja 24 \u00a7) ja EU:n yleisen tietosuoja-asetuksen (GDPR) mukainen rekisteri- ja tietosuojaseloste, joka on laadittu 1.9.2023.<\/p>\n\n\n\n<p>Yrityksemme tietosuojaseloste kertoo, millaisia henkil\u00f6tietoja voimme ker\u00e4t\u00e4 asiakkaastamme h\u00e4nen tilatessaan palveluitamme tai ottaessaan yhteytt\u00e4 meihin PureSolidin verkkosivuston kautta. Rekisteriselosteesta ilmenee my\u00f6s se, mihin tarkoituksiin voimme ker\u00e4\u00e4mi\u00e4mme henkil\u00f6tietoja hy\u00f6dynt\u00e4\u00e4. K\u00e4ytt\u00e4m\u00e4ll\u00e4 verkkosivustoamme ja palveluitamme asiakkaamme hyv\u00e4ksyy henkil\u00f6tietojensa k\u00e4sittelyn laatimamme ja p\u00e4ivitt\u00e4m\u00e4mme tietosuojaselosteen mukaisesti.<\/p>\n\n\n\n<p>Varaamme itsellemme mahdollisuuden ajoittain p\u00e4ivitt\u00e4\u00e4 tietosuojaselostettamme julkaisemalla siit\u00e4 uuden version verkkosivustollamme. Sivustomme sek\u00e4 muiden verkkopalvelujemme jatkuva k\u00e4ytt\u00f6 uuden version julkaisun j\u00e4lkeen katsotaan p\u00e4ivitettyjen tietosuojaehtojen hyv\u00e4ksynn\u00e4ksi.<\/p>\n\n\n\n<h2 class=\"wp-block-heading\">Rekisterinpit\u00e4j\u00e4<\/h2>\n\n\n\n<p>PureSolid Oy<br>Haapalankatu 3,<br>15240 Lahti<\/p>\n\n\n\n<p>3145410-1<\/p>\n\n\n\n<h2 class=\"wp-block-heading\">Rekisterist\u00e4 vastaava yhteyshenkil\u00f6<\/h2>\n\n\n\n<p>Lauri Laitinen \u2013 Toimitusjohtaja<br>Puh. 040 5576 669<br>lauri.laitinen@ukkopuu.fi<\/p>\n\n\n\n<h2 class=\"wp-block-heading\">Rekisterin nimi<\/h2>\n\n\n\n<p>PureSolid asiakas- ja markkinointirekisteri.<\/p>\n\n\n\n<h2 class=\"wp-block-heading\">Oikeusperuste ja henkil\u00f6tietojen k\u00e4sittelyn tarkoitus<\/h2>\n\n\n\n<p>Yrityksemme asiakkaiden henkil\u00f6tietoja hy\u00f6dynnet\u00e4\u00e4n vain voimassa olevan henkil\u00f6tietolain mukaisiin tarkoituksiin, kuten:<\/p>\n\n\n\n<p>Asiakassuhteiden hoitamiseen ja yll\u00e4pitoon<br>asiakaskirjeiden ja tiedotteiden toimittamiseen ja l\u00e4hett\u00e4miseen<br>asiakaskuntaa koskevan informaation ker\u00e4\u00e4miseen<br>PureSolidin sek\u00e4 yrityksen yhteisty\u00f6kumppaneiden tarjoamien palveluiden toteuttamiseen, myyntiin, hallintaan, laskuttamiseen sek\u00e4 tuotteiden\/palveluiden markkinointiin ja palveluvalikoiman kehitt\u00e4miseen.<br>PureSolidilla on oikeus hy\u00f6dynt\u00e4\u00e4 ja luovuttaa rekisteriss\u00e4\u00e4n olevia tietoja perusteltua k\u00e4ytt\u00f6tarkoitusta varten (esim. mielipide- ja markkinatutkimukset) voimassa olevan henkil\u00f6tietolain sek\u00e4 muun asiaan liittyv\u00e4n lains\u00e4\u00e4d\u00e4nn\u00f6n mukaisesti.<\/p>\n\n\n\n<h2 class=\"wp-block-heading\">Rekisterin sis\u00e4lt\u00e4m\u00e4t tiedot<\/h2>\n\n\n\n<p>Henkil\u00f6iden itsens\u00e4 antamat luokittelutiedot (esimerkiksi kiinnostuksen kohteet).<\/p>\n\n\n\n<p>IP-osoitetieto tai muu tunniste<br>asiakaspalautteesta ja -lomakkeista saadut tiedot<br>tilaus-, laskutus- ja toimitustiedot<br>ev\u00e4steiden kautta saadut tiedot<br>sosiaalisen median kautta ker\u00e4tt\u00e4v\u00e4 informaatio<br>PureSolid verkkopalvelun kautta saadut tiedot<br>yrityksen ja\/tai henkil\u00f6n etu- ja sukunimi, osoite, puhelinnumero, s\u00e4hk\u00f6postiosoite,<br>yleisesti saatavilla olevat luokittelutiedot, sek\u00e4 tiedot markkinointiluvista ja -kielloista.<br>muut asiakkaan suostumuksella ker\u00e4tt\u00e4v\u00e4t henkil\u00f6tiedot.<\/p>\n\n\n\n<h2 class=\"wp-block-heading\">S\u00e4\u00e4nn\u00f6nmukaiset tietol\u00e4hteet<\/h2>\n\n\n\n<p>Rekisteriimme tallennettavien tietojen l\u00e4htein\u00e4 ovat muiden muassa viralliset sopimusasiakirjat, s\u00e4hk\u00f6posti- ja puhelinasiointi, verkkolomakkeilla l\u00e4hetetyt viestit, sosiaalisen median kautta saadut viestit sek\u00e4 asiakastapaamisissamme asiakkaan luovuttamat henkil\u00f6tiedot.<\/p>\n\n\n\n<h2 class=\"wp-block-heading\">Tietop\u00e4\u00e4oman s\u00e4ilytt\u00e4minen<\/h2>\n\n\n\n<p>Asiakkailtamme saatavien henkil\u00f6tietojen s\u00e4ilytysajat voivat vaihdella lains\u00e4\u00e4d\u00e4nn\u00f6st\u00e4 sek\u00e4 niiden k\u00e4ytt\u00f6tarkoituksesta ja tilanteesta riippuen. Henkil\u00f6tietoja p\u00e4ivitet\u00e4\u00e4n tarvittaessa ja niit\u00e4 s\u00e4ilytet\u00e4\u00e4n huolellisesti vain niin pitk\u00e4\u00e4n kuin on tarpeellista.<\/p>\n\n\n\n<h2 class=\"wp-block-heading\">Tietojen s\u00e4\u00e4nn\u00f6nmukainen luovuttaminen<\/h2>\n\n\n\n<p>Asiakkailtamme ker\u00e4\u00e4mi\u00e4mme tietoja luovutamme voimassa olevan henkil\u00f6tietolain 19 \u00a7 mukaisiin suoramarkkinointitarkoituksiin sek\u00e4 mielipide- ja markkinatutkimuksiin.<\/p>\n\n\n\n<h2 class=\"wp-block-heading\">Tietojen luovutus eteenp\u00e4in<\/h2>\n\n\n\n<p>Toteuttaaksemme palveluitamme asiakkaallemme parhaalla mahdollisella tavalla varaamme itsellemme mahdollisuuden luovuttaa ker\u00e4\u00e4mi\u00e4mme henkil\u00f6tietoja omille yhteisty\u00f6kumppaneillemme, jotka k\u00e4sittelev\u00e4t asiakkaidemme tietoja ainoastaan palvelujemme toteuttamisen vaatimissa rajoissa. Yhteisty\u00f6kumppanimme eiv\u00e4t k\u00e4yt\u00e4 kyseisi\u00e4 tietoja muihin kuin edell\u00e4 mainittuihin tarkoituksiin eiv\u00e4tk\u00e4 luovuta tietoja muille osapuolille.<\/p>\n\n\n\n<p>PureSolid voi kuitenkin luovuttaa asiakkaidensa tietoja voimassa olevan lains\u00e4\u00e4d\u00e4nn\u00f6n sallimissa ja velvoittamissa rajoissa. Henkil\u00f6tietoja voidaan lis\u00e4ksi luovuttaa EU:n tai ETA:n ulkopuolelle muiden muassa alihankkijoidemme tietojen teknisen yll\u00e4pidon ja k\u00e4sittelyn toteuttamiseksi.<\/p>\n\n\n\n<h2 class=\"wp-block-heading\">Rekisterin suojauksen periaatteet<\/h2>\n\n\n\n<p>Yrityksemme rekisterin k\u00e4sittelyss\u00e4 noudatetaan erityist\u00e4 huolellisuutta; tietoj\u00e4rjestelmien avulla k\u00e4sitelt\u00e4v\u00e4t tiedot suojataan asianmukaisesti. Asiakkaidemme rekisteritietoja verkkopalvelimilla s\u00e4ilytett\u00e4ess\u00e4 niiden fyysinen ja digitaalinen tietoturva on ajantasaista. Rekisterinpit\u00e4j\u00e4n vastuulla on varmistaa, ett\u00e4 kaikkia tallennettuja henkil\u00f6tietoja k\u00e4sitell\u00e4\u00e4n aina luottamuksellisesti.<\/p>\n\n\n\n<h2 class=\"wp-block-heading\">Ev\u00e4steiden hy\u00f6dynt\u00e4minen<\/h2>\n\n\n\n<p>Yrityksemme verkkopalvelu hy\u00f6dynt\u00e4\u00e4 ev\u00e4steit\u00e4 voidaksemme tarjota palvelumme mahdollisimman laadukkaina ja asiakasyst\u00e4v\u00e4llisin\u00e4.<\/p>\n\n\n\n<p>Sivustomme puresolid.fi k\u00e4ytt\u00e4\u00e4 Google Analytics -ohjelmistoja ker\u00e4t\u00e4kseen tilastotietoja verkkopalvelun k\u00e4ytt\u00e4jist\u00e4. Ohjelmisto tallentaa infoa muun muassa siit\u00e4, mill\u00e4 sivuilla verkkopalvelun k\u00e4ytt\u00e4j\u00e4t vierailevat, kuinka kauan he kyseisill\u00e4 sivuilla viipyv\u00e4t sek\u00e4 mit\u00e4 linkkej\u00e4 klikkaavat verkkopalvelussa asioidessaan.<\/p>\n\n\n\n<h2 class=\"wp-block-heading\">Tarkastusoikeus ja oikeus vaatia henkil\u00f6tiedon korjaamista<\/h2>\n\n\n\n<p>Jokaisella yrityksemme asiakas- ja markkinointirekisteriss\u00e4 olevalla henkil\u00f6ll\u00e4 on oikeus tarkistaa kyseiseen rekisteriin tallennetut tietonsa ja vaatia mahdollisen virheellisen tiedon korjaamista tai vaihtoehtoisesti puutteellisen tiedon t\u00e4ydent\u00e4mist\u00e4. Pyynt\u00f6 tallennettujen henkil\u00f6tietojen tarkistamisesta sek\u00e4 mahdollinen oikaisupyynt\u00f6 tulee tehd\u00e4 rekisterinpit\u00e4j\u00e4llemme kirjallisesti.<\/p>\n\n\n\n<h2 class=\"wp-block-heading\">Muut henkil\u00f6tietojen k\u00e4sittelyyn liittyv\u00e4t oikeudet<\/h2>\n\n\n\n<p>Yrityksemme rekisteriss\u00e4 olevalla henkil\u00f6ll\u00e4 on oikeus pyyt\u00e4\u00e4 h\u00e4nt\u00e4 koskevien henkil\u00f6tietojen poistamista rekisterist\u00e4 EU:n yleisen tietosuoja-asetuksen mukaisesti.<\/p>\n\n\n\n<p>Pyynn\u00f6t tietojen poistamisesta on toimitettava kirjallisesti yrityksemme rekisterinpit\u00e4j\u00e4lle.<\/p>\n","protected":false},"excerpt":{"rendered":"<p>Tietosuojalausunto Rekisteri- ja tietosuojaselosteT\u00e4m\u00e4 on PureSolid Oy henkil\u00f6tietolain (10 ja 24 \u00a7) ja EU:n yleisen tietosuoja-asetuksen (GDPR) mukainen rekisteri- ja tietosuojaseloste, joka on laadittu 1.9.2023. Yrityksemme tietosuojaseloste kertoo, millaisia henkil\u00f6tietoja voimme ker\u00e4t\u00e4 asiakkaastamme h\u00e4nen tilatessaan palveluitamme tai ottaessaan yhteytt\u00e4 meihin PureSolidin verkkosivuston kautta. Rekisteriselosteesta ilmenee my\u00f6s se, mihin tarkoituksiin voimme ker\u00e4\u00e4mi\u00e4mme henkil\u00f6tietoja hy\u00f6dynt\u00e4\u00e4. K\u00e4ytt\u00e4m\u00e4ll\u00e4 verkkosivustoamme [&hellip;]<\/p>\n","protected":false},"author":1,"featured_media":0,"parent":0,"menu_order":0,"comment_status":"closed","ping_status":"closed","template":"","meta":{"footnotes":""},"class_list":["post-317","page","type-page","status-publish","hentry"],"_links":{"self":[{"href":"https:\/\/puresolid.fi\/index.php\/wp-json\/wp\/v2\/pages\/317","targetHints":{"allow":["GET"]}}],"collection":[{"href":"https:\/\/puresolid.fi\/index.php\/wp-json\/wp\/v2\/pages"}],"about":[{"href":"https:\/\/puresolid.fi\/index.php\/wp-json\/wp\/v2\/types\/page"}],"author":[{"embeddable":true,"href":"https:\/\/puresolid.fi\/index.php\/wp-json\/wp\/v2\/users\/1"}],"replies":[{"embeddable":true,"href":"https:\/\/puresolid.fi\/index.php\/wp-json\/wp\/v2\/comments?post=317"}],"version-history":[{"count":5,"href":"https:\/\/puresolid.fi\/index.php\/wp-json\/wp\/v2\/pages\/317\/revisions"}],"predecessor-version":[{"id":469,"href":"https:\/\/puresolid.fi\/index.php\/wp-json\/wp\/v2\/pages\/317\/revisions\/469"}],"wp:attachment":[{"href":"https:\/\/puresolid.fi\/index.php\/wp-json\/wp\/v2\/media?parent=317"}],"curies":[{"name":"wp","href":"https:\/\/api.w.org\/{rel}","templated":true}]}}