{"id":2289,"date":"2025-05-26T14:34:54","date_gmt":"2025-05-26T14:34:54","guid":{"rendered":"https:\/\/puresolid.fi\/?page_id=2289"},"modified":"2025-05-27T05:48:41","modified_gmt":"2025-05-27T05:48:41","slug":"classic-round","status":"publish","type":"page","link":"https:\/\/puresolid.fi\/index.php\/classic-round\/","title":{"rendered":"Classic Round"},"content":{"rendered":"\n<div class=\"wp-block-cover alignfull has-custom-content-position is-position-bottom-center\" style=\"padding-top:var(--wp--preset--spacing--40);padding-bottom:var(--wp--preset--spacing--40);min-height:70vh;aspect-ratio:unset;\"><img loading=\"lazy\" decoding=\"async\" width=\"1024\" height=\"576\" class=\"wp-block-cover__image-background wp-image-2290 size-large\" alt=\"\" src=\"https:\/\/puresolid.fi\/wp-content\/uploads\/2025\/05\/fiilis-classic-round-Lava_Rock-1024x576.jpg\" data-object-fit=\"cover\" srcset=\"https:\/\/puresolid.fi\/wp-content\/uploads\/2025\/05\/fiilis-classic-round-Lava_Rock-1024x576.jpg 1024w, https:\/\/puresolid.fi\/wp-content\/uploads\/2025\/05\/fiilis-classic-round-Lava_Rock-300x169.jpg 300w, https:\/\/puresolid.fi\/wp-content\/uploads\/2025\/05\/fiilis-classic-round-Lava_Rock-768x432.jpg 768w, https:\/\/puresolid.fi\/wp-content\/uploads\/2025\/05\/fiilis-classic-round-Lava_Rock-1536x864.jpg 1536w, https:\/\/puresolid.fi\/wp-content\/uploads\/2025\/05\/fiilis-classic-round-Lava_Rock-2048x1152.jpg 2048w\" sizes=\"auto, (max-width: 1024px) 100vw, 1024px\" \/><span aria-hidden=\"true\" class=\"wp-block-cover__background has-background-dim-100 has-background-dim wp-block-cover__gradient-background has-background-gradient\" style=\"background:linear-gradient(180deg,rgb(255,255,255) 0%,rgba(255,255,255,0) 16%)\"><\/span><div class=\"wp-block-cover__inner-container has-global-padding is-layout-constrained wp-block-cover-is-layout-constrained\">\n<div class=\"wp-block-buttons is-content-justification-center is-layout-flex wp-container-core-buttons-is-layout-a89b3969 wp-block-buttons-is-layout-flex\">\n<div class=\"wp-block-button\"><a class=\"wp-block-button__link wp-element-button\" href=\"https:\/\/puresolid.fi\/index.php\/classic-round-builder\/\">Rakenna oma kaappisi<\/a><\/div>\n<\/div>\n<\/div><\/div>\n\n\n\n<div style=\"height:15px\" aria-hidden=\"true\" class=\"wp-block-spacer\"><\/div>\n\n\n\n<p class=\"has-text-align-center has-contrast-2-color has-text-color has-link-color has-small-font-size wp-elements-21babeac1a047e2cd7e11e6de2084539\"><a href=\"https:\/\/puresolid.fi\/#mallisto\">Mallisto<\/a> \/ <a href=\"https:\/\/puresolid.fi\/index.php\/classic\" data-type=\"page\" data-id=\"1720\">Classic<\/a> \/ <strong>Classic  L<\/strong><\/p>\n\n\n\n<h1 class=\"wp-block-heading has-text-align-center\">Classic Round allas<\/h1>\n\n\n\n<p class=\"has-text-align-center\">Puhdaslinjainen yksikerroksinen allas jalalla.<\/p>\n\n\n\n<div id=\"tilaa\" class=\"wp-block-group has-global-padding is-layout-constrained wp-block-group-is-layout-constrained\">\n<h2 class=\"wp-block-heading has-text-align-center has-accent-3-color has-text-color has-link-color has-large-font-size wp-elements-3fb6895a1eb8e4e1153d9bf0174a59e6\">Muokkaa ja tilaa itsellesi sopiva<\/h2>\n\n\n\n<div class=\"wp-block-buttons is-content-justification-center is-layout-flex wp-container-core-buttons-is-layout-a89b3969 wp-block-buttons-is-layout-flex\">\n<div class=\"wp-block-button\"><a class=\"wp-block-button__link wp-element-button\" href=\"https:\/\/puresolid.fi\/index.php\/classic-round-builder\/\">Suunnittele ja tilaa<\/a><\/div>\n<\/div>\n\n\n\n<hr class=\"wp-block-separator has-alpha-channel-opacity is-style-wide\"\/>\n<\/div>\n\n\n\n<h2 class=\"wp-block-heading\">Lis\u00e4tiedot<\/h2>\n\n\n\n<figure class=\"wp-block-table is-style-stripes\"><table><tbody><tr><td>Leveydet (mm)<\/td><td>460<\/td><\/tr><tr><td>Syvyydet (mm)<\/td><td>480<\/td><\/tr><tr><td>Altaan syvyys (mm)<\/td><td>390<\/td><\/tr><tr><td>Altaan korkeus (mm)<\/td><td>\u2248115<\/td><\/tr><tr><td>Altaan leveys (mm)<\/td><td>390<\/td><\/tr><tr><td>Korkeus (mm)<\/td><td>600<\/td><\/tr><tr><td>Nettopainot<\/td><td>18kg<\/td><\/tr><\/tbody><\/table><\/figure>\n\n\n\n<hr class=\"wp-block-separator has-alpha-channel-opacity is-style-wide\"\/>\n\n\n\n<div class=\"wp-block-buttons is-layout-flex wp-block-buttons-is-layout-flex\">\n<div class=\"wp-block-button\"><a class=\"wp-block-button__link wp-element-button\" href=\"https:\/\/puresolid.fi\/index.php\/puresolid-jalleenmyyjat\/\">J\u00e4lleenmyyj\u00e4t<\/a><\/div>\n<\/div>\n\n\n\n<h2 class=\"wp-block-heading\" id=\"tuotekuvaus\">Tuotekuvaus<\/h2>\n\n\n\n<p>Kylpyhuoneen kalusteen kaikki ulkopinnat ovat Corian\u00ae-komposiittikive\u00e4. Corian tarjoaa t\u00e4ydellisen materiaalin kylpyhuoneisiin. Sen pinta on helposti puhdistettavissa vaikeimmistakin tahroista. My\u00f6s iskun- ja naarmunkest\u00e4vyys on poikkeuksellinen muihin materiaaleihin verrattuna.<\/p>\n\n\n\n<p>Corian mahdollistaa saumattoman rakenteen, joten altaan ja tason v\u00e4liss\u00e4 ei ole lainkaan rakoja. My\u00f6s kaapin sivut ovat saumattomasti kiinni tasossa. Kalusteen laatikoissa on k\u00e4ytetty laadukkaita Hettich-kiskoja ja alumiinikomposiittia vedenkest\u00e4vyyden saavuttamiseksi.<\/p>\n\n\n\n<p>Kylpyhuoneen kaluste toimitetaan aina kasattuna ja vanerilaatikkoon pakattuna. Pakkaus sis\u00e4lt\u00e4\u00e4 my\u00f6s asennushelat sek\u00e4 Prevex-putkiosat pop-up-venttiilill\u00e4.<\/p>\n\n\n\n<p>Classic Round on vakiomittainen.<\/p>\n\n\n\n<hr class=\"wp-block-separator has-alpha-channel-opacity is-style-wide\"\/>\n\n\n\n<h3 class=\"wp-block-heading has-accent-3-color has-text-color has-link-color wp-elements-cfefc3722b2bdf2c0244ba7a258b8a63\">Materiaalit<\/h3>\n\n\n\n<p><\/p>\n\n\n\n<figure class=\"wp-block-table is-style-stripes\"><table><tbody><tr><td><strong>Runko<\/strong><\/td><td>Kosteuden kest\u00e4v\u00e4 Corian-komposiitti<\/td><\/tr><tr><td><strong>Etusarjat:<\/strong><\/td><td>Kosteuden kest\u00e4v\u00e4 Corian-komposiitti<\/td><\/tr><tr><td><strong>Taso:<\/strong><\/td><td>Kosteuden kest\u00e4v\u00e4 Corian-komposiitti<\/td><\/tr><tr><td><strong>Allas:<\/strong><\/td><td>Kosteuden kest\u00e4v\u00e4 Corian-komposiitti<\/td><\/tr><\/tbody><\/table><\/figure>\n\n\n\n<div class=\"wp-block-buttons is-layout-flex wp-block-buttons-is-layout-flex\">\n<div class=\"wp-block-button\"><a class=\"wp-block-button__link wp-element-button\" href=\"https:\/\/puresolid.fi\/index.php\/corian-varivaihtoehdot\/\">Tutustu Corian\u00ae -komposiittiin<\/a><\/div>\n<\/div>\n\n\n\n<hr class=\"wp-block-separator has-alpha-channel-opacity is-style-wide\"\/>\n\n\n\n<h3 class=\"wp-block-heading has-accent-3-color has-text-color has-link-color wp-elements-7c7af2e09f11f77400e709993cd0afdc\">Asennus<\/h3>\n\n\n\n<p>S\u00e4\u00e4dett\u00e4v\u00e4t kiinnityshelat sein\u00e4kiskolla<\/p>\n\n\n\n<div class=\"wp-block-buttons is-layout-flex wp-block-buttons-is-layout-flex\">\n<div class=\"wp-block-button\"><a class=\"wp-block-button__link wp-element-button\" href=\"https:\/\/puresolid.fi\/wp-content\/uploads\/2025\/05\/PureSolid-allaskaapin-asennusohje.pdf\">Asennusohje (PDF)<\/a><\/div>\n<\/div>\n\n\n\n<div style=\"height:62px\" aria-hidden=\"true\" class=\"wp-block-spacer\"><\/div>\n\n\n\n<p><\/p>\n","protected":false},"excerpt":{"rendered":"<p>Mallisto \/ Classic \/ Classic L Classic Round allas Puhdaslinjainen yksikerroksinen allas jalalla. Muokkaa ja tilaa itsellesi sopiva Lis\u00e4tiedot Leveydet (mm) 460 Syvyydet (mm) 480 Altaan syvyys (mm) 390 Altaan korkeus (mm) \u2248115 Altaan leveys (mm) 390 Korkeus (mm) 600 Nettopainot 18kg Tuotekuvaus Kylpyhuoneen kalusteen kaikki ulkopinnat ovat Corian\u00ae-komposiittikive\u00e4. Corian tarjoaa t\u00e4ydellisen materiaalin kylpyhuoneisiin. Sen [&hellip;]<\/p>\n","protected":false},"author":1,"featured_media":0,"parent":0,"menu_order":0,"comment_status":"closed","ping_status":"closed","template":"","meta":{"footnotes":""},"class_list":["post-2289","page","type-page","status-publish","hentry"],"_links":{"self":[{"href":"https:\/\/puresolid.fi\/index.php\/wp-json\/wp\/v2\/pages\/2289","targetHints":{"allow":["GET"]}}],"collection":[{"href":"https:\/\/puresolid.fi\/index.php\/wp-json\/wp\/v2\/pages"}],"about":[{"href":"https:\/\/puresolid.fi\/index.php\/wp-json\/wp\/v2\/types\/page"}],"author":[{"embeddable":true,"href":"https:\/\/puresolid.fi\/index.php\/wp-json\/wp\/v2\/users\/1"}],"replies":[{"embeddable":true,"href":"https:\/\/puresolid.fi\/index.php\/wp-json\/wp\/v2\/comments?post=2289"}],"version-history":[{"count":4,"href":"https:\/\/puresolid.fi\/index.php\/wp-json\/wp\/v2\/pages\/2289\/revisions"}],"predecessor-version":[{"id":2315,"href":"https:\/\/puresolid.fi\/index.php\/wp-json\/wp\/v2\/pages\/2289\/revisions\/2315"}],"wp:attachment":[{"href":"https:\/\/puresolid.fi\/index.php\/wp-json\/wp\/v2\/media?parent=2289"}],"curies":[{"name":"wp","href":"https:\/\/api.w.org\/{rel}","templated":true}]}}