{"id":2246,"date":"2025-05-26T13:06:03","date_gmt":"2025-05-26T13:06:03","guid":{"rendered":"https:\/\/puresolid.fi\/?page_id=2246"},"modified":"2025-12-18T12:53:01","modified_gmt":"2025-12-18T12:53:01","slug":"classic-m","status":"publish","type":"page","link":"https:\/\/puresolid.fi\/index.php\/classic-m\/","title":{"rendered":"Classic M"},"content":{"rendered":"\n<div class=\"wp-block-cover alignfull has-custom-content-position is-position-bottom-center\" style=\"padding-top:var(--wp--preset--spacing--40);padding-bottom:var(--wp--preset--spacing--40);min-height:70vh;aspect-ratio:unset;\"><img loading=\"lazy\" decoding=\"async\" width=\"1024\" height=\"576\" class=\"wp-block-cover__image-background wp-image-4107 size-large\" alt=\"Kylpyhuoneen allaskaappi, Puresolid M\" src=\"https:\/\/puresolid.fi\/wp-content\/uploads\/2025\/12\/fiilis-Artista_Gray-classic-m-1024x576.jpg\" data-object-fit=\"cover\"\/><span aria-hidden=\"true\" class=\"wp-block-cover__background has-background-dim-100 has-background-dim wp-block-cover__gradient-background has-background-gradient\" style=\"background:linear-gradient(180deg,rgb(255,255,255) 0%,rgba(255,255,255,0) 16%)\"><\/span><div class=\"wp-block-cover__inner-container has-global-padding is-layout-constrained wp-block-cover-is-layout-constrained\">\n<div class=\"wp-block-buttons is-content-justification-center is-layout-flex wp-container-core-buttons-is-layout-a89b3969 wp-block-buttons-is-layout-flex\">\n<div class=\"wp-block-button\"><a class=\"wp-block-button__link wp-element-button\" href=\"https:\/\/puresolid.fi\/index.php\/classic-m-builder\/\">Rakenna oma kaappisi<\/a><\/div>\n<\/div>\n<\/div><\/div>\n\n\n\n<div style=\"height:15px\" aria-hidden=\"true\" class=\"wp-block-spacer\"><\/div>\n\n\n\n<p class=\"has-text-align-center has-contrast-2-color has-text-color has-link-color has-small-font-size wp-elements-d87c7100826f020f7e1a126af2d3e0e7\"><a href=\"https:\/\/puresolid.fi\/#mallisto\">Mallisto<\/a> \/ <a href=\"https:\/\/puresolid.fi\/index.php\/classic-s\/\" data-type=\"page\" data-id=\"2240\">Classic<\/a> \/ Classic M<\/p>\n\n\n\n<h1 class=\"wp-block-heading has-text-align-center\">Classic M &#8211; allaskaappi<\/h1>\n\n\n\n<p class=\"has-text-align-center\">Puhdaslinjainen yksikerroksinen kaappi yhdell\u00e4 altaalla.<\/p>\n\n\n\n<p class=\"has-text-align-center\">Saatavana eri syvyys- ja pituusvaihtoehdoilla.<\/p>\n\n\n\n<div id=\"tilaa\" class=\"wp-block-group has-global-padding is-layout-constrained wp-block-group-is-layout-constrained\">\n<h2 class=\"wp-block-heading has-text-align-center has-accent-3-color has-text-color has-link-color has-large-font-size wp-elements-3fb6895a1eb8e4e1153d9bf0174a59e6\">Muokkaa ja tilaa itsellesi sopiva<\/h2>\n\n\n\n<div class=\"wp-block-buttons is-content-justification-center is-layout-flex wp-container-core-buttons-is-layout-a89b3969 wp-block-buttons-is-layout-flex\">\n<div class=\"wp-block-button\"><a class=\"wp-block-button__link wp-element-button\" href=\"https:\/\/puresolid.fi\/index.php\/classic-m-builder\/\">Suunnittele ja tilaa<\/a><\/div>\n<\/div>\n\n\n\n<hr class=\"wp-block-separator has-alpha-channel-opacity is-style-wide\"\/>\n<\/div>\n\n\n\n<h2 class=\"wp-block-heading\">Lis\u00e4tiedot<\/h2>\n\n\n\n<figure class=\"wp-block-table is-style-stripes\"><table><tbody><tr><td>Leveydet (mm)<\/td><td>1200 &#8211; 1800<\/td><\/tr><tr><td>Syvyydet (mm)<\/td><td>410, 460, 560<\/td><\/tr><tr><td>Altaan syvyys (mm)<\/td><td>200 &#8211; 300<\/td><\/tr><tr><td>Altaan korkeus (mm)<\/td><td>\u2248105<\/td><\/tr><tr><td>Altaan leveys (mm)<\/td><td>400, 500<\/td><\/tr><tr><td>Korkeus (mm)<\/td><td>330<\/td><\/tr><tr><td>Nettopainot<\/td><td>18-32 kg<\/td><\/tr><\/tbody><\/table><\/figure>\n\n\n\n<hr class=\"wp-block-separator has-alpha-channel-opacity is-style-wide\"\/>\n\n\n\n<div class=\"wp-block-buttons is-layout-flex wp-block-buttons-is-layout-flex\">\n<div class=\"wp-block-button\"><a class=\"wp-block-button__link wp-element-button\" href=\"https:\/\/puresolid.fi\/index.php\/puresolid-jalleenmyyjat\/\">J\u00e4lleenmyyj\u00e4t<\/a><\/div>\n<\/div>\n\n\n\n<h2 class=\"wp-block-heading\" id=\"tuotekuvaus\">Tuotekuvaus<\/h2>\n\n\n\n<p>Kylpyhuoneen kalusteen kaikki ulkopinnat ovat komposiittikive\u00e4, joka tarjoaa t\u00e4ydellisen materiaalin kylpyhuoneisiin. Sen pinta on helposti puhdistettavissa vaikeimmistakin tahroista. My\u00f6s iskun- ja naarmunkest\u00e4vyys on poikkeuksellinen muihin materiaaleihin verrattuna.<\/p>\n\n\n\n<p>Komposiittikivi mahdollistaa saumattoman rakenteen, joten altaan ja tason v\u00e4liss\u00e4 ei ole lainkaan rakoja. My\u00f6s kaapin sivut ovat saumattomasti kiinni tasossa. Kalusteen laatikoissa on k\u00e4ytetty laadukkaita Hettich-kiskoja ja alumiinikomposiittia vedenkest\u00e4vyyden saavuttamiseksi.<\/p>\n\n\n\n<p>Kylpyhuoneen kaluste toimitetaan aina kasattuna ja vanerilaatikkoon pakattuna. Pakkaus sis\u00e4lt\u00e4\u00e4 my\u00f6s asennushelat sek\u00e4 Prevex-putkiosat pop-up-venttiilill\u00e4.<\/p>\n\n\n\n<hr class=\"wp-block-separator has-alpha-channel-opacity is-style-wide\"\/>\n\n\n\n<h3 class=\"wp-block-heading has-accent-3-color has-text-color has-link-color wp-elements-cfefc3722b2bdf2c0244ba7a258b8a63\">Materiaalit<\/h3>\n\n\n\n<p><\/p>\n\n\n\n<figure class=\"wp-block-table is-style-stripes\"><table><tbody><tr><td><strong>Runko<\/strong><\/td><td>Veden kest\u00e4v\u00e4 komposiittikivi<\/td><\/tr><tr><td><strong>Etusarjat:<\/strong><\/td><td>Veden kest\u00e4v\u00e4 komposiittikivi<\/td><\/tr><tr><td><strong>Taso:<\/strong><\/td><td>Veden kest\u00e4v\u00e4 komposiittikivi<\/td><\/tr><tr><td><strong>Allas:<\/strong><\/td><td>Veden kest\u00e4v\u00e4 komposiittikivi<\/td><\/tr><tr><td><strong>Laatikon sivut:<\/strong>&nbsp;<\/td><td>pintak\u00e4sitelty metalli<\/td><\/tr><tr><td><strong>Laatikon pohja:<\/strong>&nbsp;<\/td><td>Alumiinikomposiitti<\/td><\/tr><\/tbody><\/table><\/figure>\n\n\n\n<hr class=\"wp-block-separator has-alpha-channel-opacity is-style-wide\"\/>\n\n\n\n<h3 class=\"wp-block-heading has-accent-3-color has-text-color has-link-color wp-elements-7c7af2e09f11f77400e709993cd0afdc\">Asennus<\/h3>\n\n\n\n<p>S\u00e4\u00e4dett\u00e4v\u00e4t kiinnityshelat sein\u00e4kiskolla<\/p>\n\n\n\n<div class=\"wp-block-buttons is-layout-flex wp-block-buttons-is-layout-flex\">\n<div class=\"wp-block-button\"><a class=\"wp-block-button__link wp-element-button\" href=\"https:\/\/puresolid.fi\/wp-content\/uploads\/2025\/05\/PureSolid-allaskaapin-asennusohje.pdf\">Asennusohje (PDF)<\/a><\/div>\n<\/div>\n\n\n\n<hr class=\"wp-block-separator has-alpha-channel-opacity is-style-wide\"\/>\n\n\n\n<h3 class=\"wp-block-heading has-accent-3-color has-text-color has-link-color wp-elements-0ec288d53854a0aa7ec71904419b8178\">Laatikon mekanismi<\/h3>\n\n\n\n<p>Hettich pehme\u00e4sti sulkeutuva<\/p>\n\n\n\n<hr class=\"wp-block-separator has-alpha-channel-opacity is-style-wide\"\/>\n\n\n\n<h2 class=\"wp-block-heading\">Muut Classic-malliston kaapit<\/h2>\n\n\n\n<div class=\"wp-block-columns alignwide is-layout-flex wp-container-core-columns-is-layout-28f84493 wp-block-columns-is-layout-flex\">\n<div class=\"wp-block-column is-layout-flow wp-block-column-is-layout-flow\">\n<div class=\"wp-block-columns is-not-stacked-on-mobile is-layout-flex wp-container-core-columns-is-layout-28f84493 wp-block-columns-is-layout-flex\">\n<div class=\"wp-block-column is-layout-flow wp-block-column-is-layout-flow\">\n<div class=\"wp-block-group nosto has-base-2-background-color has-background is-vertical is-content-justification-center is-layout-flex wp-container-core-group-is-layout-d6c83077 wp-block-group-is-layout-flex\" style=\"padding-top:0;padding-bottom:var(--wp--preset--spacing--10)\">\n<figure data-wp-context=\"{&quot;imageId&quot;:&quot;69e786c7845dd&quot;}\" data-wp-interactive=\"core\/image\" data-wp-key=\"69e786c7845dd\" class=\"wp-block-image size-full wp-lightbox-container\"><img loading=\"lazy\" decoding=\"async\" width=\"1920\" height=\"1504\" data-wp-class--hide=\"state.isContentHidden\" data-wp-class--show=\"state.isContentVisible\" data-wp-init=\"callbacks.setButtonStyles\" data-wp-on--click=\"actions.showLightbox\" data-wp-on--load=\"callbacks.setButtonStyles\" data-wp-on-window--resize=\"callbacks.setButtonStyles\" src=\"https:\/\/puresolid.fi\/wp-content\/uploads\/2025\/05\/classic-S-1000mm-Lava_Rock.jpg\" alt=\"Kylpyhuoneen allaskaappi, Classic S, 1000mm\n\" class=\"wp-image-2234\" style=\"object-fit:cover\" srcset=\"https:\/\/puresolid.fi\/wp-content\/uploads\/2025\/05\/classic-S-1000mm-Lava_Rock.jpg 1920w, https:\/\/puresolid.fi\/wp-content\/uploads\/2025\/05\/classic-S-1000mm-Lava_Rock-300x235.jpg 300w, https:\/\/puresolid.fi\/wp-content\/uploads\/2025\/05\/classic-S-1000mm-Lava_Rock-1024x802.jpg 1024w, https:\/\/puresolid.fi\/wp-content\/uploads\/2025\/05\/classic-S-1000mm-Lava_Rock-768x602.jpg 768w, https:\/\/puresolid.fi\/wp-content\/uploads\/2025\/05\/classic-S-1000mm-Lava_Rock-1536x1203.jpg 1536w\" sizes=\"auto, (max-width: 1920px) 100vw, 1920px\" \/><button\n\t\t\tclass=\"lightbox-trigger\"\n\t\t\ttype=\"button\"\n\t\t\taria-haspopup=\"dialog\"\n\t\t\taria-label=\"Suurenna\"\n\t\t\tdata-wp-init=\"callbacks.initTriggerButton\"\n\t\t\tdata-wp-on--click=\"actions.showLightbox\"\n\t\t\tdata-wp-style--right=\"state.imageButtonRight\"\n\t\t\tdata-wp-style--top=\"state.imageButtonTop\"\n\t\t>\n\t\t\t<svg xmlns=\"http:\/\/www.w3.org\/2000\/svg\" width=\"12\" height=\"12\" fill=\"none\" viewBox=\"0 0 12 12\">\n\t\t\t\t<path fill=\"#fff\" d=\"M2 0a2 2 0 0 0-2 2v2h1.5V2a.5.5 0 0 1 .5-.5h2V0H2Zm2 10.5H2a.5.5 0 0 1-.5-.5V8H0v2a2 2 0 0 0 2 2h2v-1.5ZM8 12v-1.5h2a.5.5 0 0 0 .5-.5V8H12v2a2 2 0 0 1-2 2H8Zm2-12a2 2 0 0 1 2 2v2h-1.5V2a.5.5 0 0 0-.5-.5H8V0h2Z\" \/>\n\t\t\t<\/svg>\n\t\t<\/button><\/figure>\n\n\n\n<h3 class=\"wp-block-heading has-text-align-center tuotelinkki\"><a href=\"https:\/\/puresolid.fi\/index.php\/classic-s\/\" data-type=\"page\" data-id=\"2240\">Classic S<\/a><\/h3>\n\n\n\n<hr class=\"wp-block-separator has-alpha-channel-opacity\"\/>\n\n\n\n<div class=\"wp-block-group has-global-padding is-layout-constrained wp-block-group-is-layout-constrained\">\n<p class=\"hinta has-accent-3-color has-text-color has-link-color wp-elements-1ba62a0fe074d5813e0b2d3ddccfa4db\" style=\"margin-top:0;margin-bottom:0\"><strong>Alkaen 2322 \u20ac<\/strong><\/p>\n\n\n\n<p class=\"has-text-align-center has-contrast-3-color has-text-color has-link-color has-small-font-size wp-elements-58c7197feecb3dd0cd7d460d743702f0\" style=\"margin-top:0;margin-bottom:0\">sis. alv 25,5%<\/p>\n<\/div>\n\n\n\n<div class=\"wp-block-buttons is-layout-flex wp-block-buttons-is-layout-flex\">\n<div class=\"wp-block-button\"><a class=\"wp-block-button__link wp-element-button\" href=\"https:\/\/puresolid.fi\/index.php\/classic-s\/\">Tutustu<\/a><\/div>\n<\/div>\n<\/div>\n<\/div>\n\n\n\n<div class=\"wp-block-column is-layout-flow wp-block-column-is-layout-flow\">\n<div class=\"wp-block-group nosto has-base-2-background-color has-background is-vertical is-content-justification-center is-layout-flex wp-container-core-group-is-layout-d6c83077 wp-block-group-is-layout-flex\" style=\"padding-top:0;padding-bottom:var(--wp--preset--spacing--10)\">\n<figure data-wp-context=\"{&quot;imageId&quot;:&quot;69e786c784af0&quot;}\" data-wp-interactive=\"core\/image\" data-wp-key=\"69e786c784af0\" class=\"wp-block-image size-full wp-lightbox-container\"><img loading=\"lazy\" decoding=\"async\" width=\"1920\" height=\"1504\" data-wp-class--hide=\"state.isContentHidden\" data-wp-class--show=\"state.isContentVisible\" data-wp-init=\"callbacks.setButtonStyles\" data-wp-on--click=\"actions.showLightbox\" data-wp-on--load=\"callbacks.setButtonStyles\" data-wp-on-window--resize=\"callbacks.setButtonStyles\" src=\"https:\/\/puresolid.fi\/wp-content\/uploads\/2025\/05\/classic-l-1200mm-Lava_Rock.jpg\" alt=\"Kylpyhuoneen allaskaappi, Classic L, 1000mm\n\" class=\"wp-image-2236\" style=\"object-fit:cover\" srcset=\"https:\/\/puresolid.fi\/wp-content\/uploads\/2025\/05\/classic-l-1200mm-Lava_Rock.jpg 1920w, https:\/\/puresolid.fi\/wp-content\/uploads\/2025\/05\/classic-l-1200mm-Lava_Rock-300x235.jpg 300w, https:\/\/puresolid.fi\/wp-content\/uploads\/2025\/05\/classic-l-1200mm-Lava_Rock-1024x802.jpg 1024w, https:\/\/puresolid.fi\/wp-content\/uploads\/2025\/05\/classic-l-1200mm-Lava_Rock-768x602.jpg 768w, https:\/\/puresolid.fi\/wp-content\/uploads\/2025\/05\/classic-l-1200mm-Lava_Rock-1536x1203.jpg 1536w\" sizes=\"auto, (max-width: 1920px) 100vw, 1920px\" \/><button\n\t\t\tclass=\"lightbox-trigger\"\n\t\t\ttype=\"button\"\n\t\t\taria-haspopup=\"dialog\"\n\t\t\taria-label=\"Suurenna\"\n\t\t\tdata-wp-init=\"callbacks.initTriggerButton\"\n\t\t\tdata-wp-on--click=\"actions.showLightbox\"\n\t\t\tdata-wp-style--right=\"state.imageButtonRight\"\n\t\t\tdata-wp-style--top=\"state.imageButtonTop\"\n\t\t>\n\t\t\t<svg xmlns=\"http:\/\/www.w3.org\/2000\/svg\" width=\"12\" height=\"12\" fill=\"none\" viewBox=\"0 0 12 12\">\n\t\t\t\t<path fill=\"#fff\" d=\"M2 0a2 2 0 0 0-2 2v2h1.5V2a.5.5 0 0 1 .5-.5h2V0H2Zm2 10.5H2a.5.5 0 0 1-.5-.5V8H0v2a2 2 0 0 0 2 2h2v-1.5ZM8 12v-1.5h2a.5.5 0 0 0 .5-.5V8H12v2a2 2 0 0 1-2 2H8Zm2-12a2 2 0 0 1 2 2v2h-1.5V2a.5.5 0 0 0-.5-.5H8V0h2Z\" \/>\n\t\t\t<\/svg>\n\t\t<\/button><\/figure>\n\n\n\n<h3 class=\"wp-block-heading has-text-align-center tuotelinkki\"><a href=\"https:\/\/puresolid.fi\/index.php\/classic-l\/\" data-type=\"page\" data-id=\"2250\">Classic L<\/a><\/h3>\n\n\n\n<hr class=\"wp-block-separator has-alpha-channel-opacity\"\/>\n\n\n\n<div class=\"wp-block-group has-global-padding is-layout-constrained wp-block-group-is-layout-constrained\">\n<p class=\"hinta has-accent-3-color has-text-color has-link-color wp-elements-bd44abb0838a986d5497c398d96fd9a2\" style=\"margin-top:0;margin-bottom:0\"><strong>Alkaen 2569 \u20ac<\/strong><\/p>\n\n\n\n<p class=\"has-text-align-center has-contrast-3-color has-text-color has-link-color has-small-font-size wp-elements-58c7197feecb3dd0cd7d460d743702f0\" style=\"margin-top:0;margin-bottom:0\">sis. alv 25,5%<\/p>\n<\/div>\n\n\n\n<div class=\"wp-block-buttons is-layout-flex wp-block-buttons-is-layout-flex\">\n<div class=\"wp-block-button\"><a class=\"wp-block-button__link wp-element-button\" href=\"https:\/\/puresolid.fi\/index.php\/classic-l\/\">Tutustu<\/a><\/div>\n<\/div>\n<\/div>\n<\/div>\n\n\n\n<div class=\"wp-block-column is-layout-flow wp-block-column-is-layout-flow\">\n<div class=\"wp-block-group nosto has-base-2-background-color has-background is-vertical is-content-justification-center is-layout-flex wp-container-core-group-is-layout-d6c83077 wp-block-group-is-layout-flex\" style=\"padding-top:0;padding-bottom:var(--wp--preset--spacing--10)\">\n<figure data-wp-context=\"{&quot;imageId&quot;:&quot;69e786c784f01&quot;}\" data-wp-interactive=\"core\/image\" data-wp-key=\"69e786c784f01\" class=\"wp-block-image size-full wp-lightbox-container\"><img loading=\"lazy\" decoding=\"async\" width=\"1920\" height=\"1504\" data-wp-class--hide=\"state.isContentHidden\" data-wp-class--show=\"state.isContentVisible\" data-wp-init=\"callbacks.setButtonStyles\" data-wp-on--click=\"actions.showLightbox\" data-wp-on--load=\"callbacks.setButtonStyles\" data-wp-on-window--resize=\"callbacks.setButtonStyles\" src=\"https:\/\/puresolid.fi\/wp-content\/uploads\/2025\/12\/classic-xl-r-1300mm-Lava_Rock.jpg\" alt=\"Kylpyhuoneen allaskaappi, Classic XL, 1300mm\n\" class=\"wp-image-4117\" style=\"object-fit:cover\" srcset=\"https:\/\/puresolid.fi\/wp-content\/uploads\/2025\/12\/classic-xl-r-1300mm-Lava_Rock.jpg 1920w, https:\/\/puresolid.fi\/wp-content\/uploads\/2025\/12\/classic-xl-r-1300mm-Lava_Rock-300x235.jpg 300w, https:\/\/puresolid.fi\/wp-content\/uploads\/2025\/12\/classic-xl-r-1300mm-Lava_Rock-1024x802.jpg 1024w, https:\/\/puresolid.fi\/wp-content\/uploads\/2025\/12\/classic-xl-r-1300mm-Lava_Rock-768x602.jpg 768w, https:\/\/puresolid.fi\/wp-content\/uploads\/2025\/12\/classic-xl-r-1300mm-Lava_Rock-1536x1203.jpg 1536w\" sizes=\"auto, (max-width: 1920px) 100vw, 1920px\" \/><button\n\t\t\tclass=\"lightbox-trigger\"\n\t\t\ttype=\"button\"\n\t\t\taria-haspopup=\"dialog\"\n\t\t\taria-label=\"Suurenna\"\n\t\t\tdata-wp-init=\"callbacks.initTriggerButton\"\n\t\t\tdata-wp-on--click=\"actions.showLightbox\"\n\t\t\tdata-wp-style--right=\"state.imageButtonRight\"\n\t\t\tdata-wp-style--top=\"state.imageButtonTop\"\n\t\t>\n\t\t\t<svg xmlns=\"http:\/\/www.w3.org\/2000\/svg\" width=\"12\" height=\"12\" fill=\"none\" viewBox=\"0 0 12 12\">\n\t\t\t\t<path fill=\"#fff\" d=\"M2 0a2 2 0 0 0-2 2v2h1.5V2a.5.5 0 0 1 .5-.5h2V0H2Zm2 10.5H2a.5.5 0 0 1-.5-.5V8H0v2a2 2 0 0 0 2 2h2v-1.5ZM8 12v-1.5h2a.5.5 0 0 0 .5-.5V8H12v2a2 2 0 0 1-2 2H8Zm2-12a2 2 0 0 1 2 2v2h-1.5V2a.5.5 0 0 0-.5-.5H8V0h2Z\" \/>\n\t\t\t<\/svg>\n\t\t<\/button><\/figure>\n\n\n\n<h3 class=\"wp-block-heading has-text-align-center tuotelinkki\"><a href=\"https:\/\/puresolid.fi\/index.php\/classic-xl\/\" data-type=\"page\" data-id=\"2253\">Classic XL<\/a><\/h3>\n\n\n\n<hr class=\"wp-block-separator has-alpha-channel-opacity\"\/>\n\n\n\n<div class=\"wp-block-group has-global-padding is-layout-constrained wp-block-group-is-layout-constrained\">\n<p class=\"hinta has-accent-3-color has-text-color has-link-color wp-elements-bd44abb0838a986d5497c398d96fd9a2\" style=\"margin-top:0;margin-bottom:0\"><strong>Alkaen 2569 \u20ac<\/strong><\/p>\n\n\n\n<p class=\"has-text-align-center has-contrast-3-color has-text-color has-link-color has-small-font-size wp-elements-58c7197feecb3dd0cd7d460d743702f0\" style=\"margin-top:0;margin-bottom:0\">sis. alv 25,5%<\/p>\n<\/div>\n\n\n\n<div class=\"wp-block-buttons is-layout-flex wp-block-buttons-is-layout-flex\">\n<div class=\"wp-block-button\"><a class=\"wp-block-button__link wp-element-button\" href=\"https:\/\/puresolid.fi\/index.php\/classic-xl\/\">Tutustu<\/a><\/div>\n<\/div>\n<\/div>\n<\/div>\n<\/div>\n<\/div>\n<\/div>\n\n\n\n<div style=\"height:55px\" aria-hidden=\"true\" class=\"wp-block-spacer\"><\/div>\n\n\n\n<p><\/p>\n","protected":false},"excerpt":{"rendered":"<p>Mallisto \/ Classic \/ Classic M Classic M &#8211; allaskaappi Puhdaslinjainen yksikerroksinen kaappi yhdell\u00e4 altaalla. Saatavana eri syvyys- ja pituusvaihtoehdoilla. Muokkaa ja tilaa itsellesi sopiva Lis\u00e4tiedot Leveydet (mm) 1200 &#8211; 1800 Syvyydet (mm) 410, 460, 560 Altaan syvyys (mm) 200 &#8211; 300 Altaan korkeus (mm) \u2248105 Altaan leveys (mm) 400, 500 Korkeus (mm) 330 Nettopainot [&hellip;]<\/p>\n","protected":false},"author":1,"featured_media":0,"parent":0,"menu_order":0,"comment_status":"closed","ping_status":"closed","template":"","meta":{"footnotes":""},"class_list":["post-2246","page","type-page","status-publish","hentry"],"_links":{"self":[{"href":"https:\/\/puresolid.fi\/index.php\/wp-json\/wp\/v2\/pages\/2246","targetHints":{"allow":["GET"]}}],"collection":[{"href":"https:\/\/puresolid.fi\/index.php\/wp-json\/wp\/v2\/pages"}],"about":[{"href":"https:\/\/puresolid.fi\/index.php\/wp-json\/wp\/v2\/types\/page"}],"author":[{"embeddable":true,"href":"https:\/\/puresolid.fi\/index.php\/wp-json\/wp\/v2\/users\/1"}],"replies":[{"embeddable":true,"href":"https:\/\/puresolid.fi\/index.php\/wp-json\/wp\/v2\/comments?post=2246"}],"version-history":[{"count":8,"href":"https:\/\/puresolid.fi\/index.php\/wp-json\/wp\/v2\/pages\/2246\/revisions"}],"predecessor-version":[{"id":4121,"href":"https:\/\/puresolid.fi\/index.php\/wp-json\/wp\/v2\/pages\/2246\/revisions\/4121"}],"wp:attachment":[{"href":"https:\/\/puresolid.fi\/index.php\/wp-json\/wp\/v2\/media?parent=2246"}],"curies":[{"name":"wp","href":"https:\/\/api.w.org\/{rel}","templated":true}]}}