{"id":2145,"date":"2025-05-12T11:09:51","date_gmt":"2025-05-12T11:09:51","guid":{"rendered":"https:\/\/puresolid.fi\/?page_id=2145"},"modified":"2025-05-12T11:18:46","modified_gmt":"2025-05-12T11:18:46","slug":"toimitus-ja-takuuehdot","status":"publish","type":"page","link":"https:\/\/puresolid.fi\/index.php\/toimitus-ja-takuuehdot\/","title":{"rendered":"Toimitus- ja takuuehdot"},"content":{"rendered":"\n<div class=\"wp-block-cover alignfull has-custom-content-position is-position-bottom-center\" style=\"padding-top:var(--wp--preset--spacing--40);padding-bottom:var(--wp--preset--spacing--40);min-height:422px;aspect-ratio:unset;\"><img loading=\"lazy\" decoding=\"async\" width=\"1024\" height=\"511\" class=\"wp-block-cover__image-background wp-image-2142 size-large\" alt=\"Puresolid - Tilaus- ja sopimusehdot\" src=\"https:\/\/puresolid.fi\/wp-content\/uploads\/2025\/05\/tilausehdot_91570796-1024x511.jpg\" data-object-fit=\"cover\" srcset=\"https:\/\/puresolid.fi\/wp-content\/uploads\/2025\/05\/tilausehdot_91570796-1024x511.jpg 1024w, https:\/\/puresolid.fi\/wp-content\/uploads\/2025\/05\/tilausehdot_91570796-300x150.jpg 300w, https:\/\/puresolid.fi\/wp-content\/uploads\/2025\/05\/tilausehdot_91570796-768x383.jpg 768w, https:\/\/puresolid.fi\/wp-content\/uploads\/2025\/05\/tilausehdot_91570796.jpg 1500w\" sizes=\"auto, (max-width: 1024px) 100vw, 1024px\" \/><span aria-hidden=\"true\" class=\"wp-block-cover__background has-background-dim-100 has-background-dim wp-block-cover__gradient-background has-background-gradient\" style=\"background:linear-gradient(180deg,rgb(255,255,255) 0%,rgba(255,255,255,0) 16%)\"><\/span><div class=\"wp-block-cover__inner-container has-global-padding is-layout-constrained wp-block-cover-is-layout-constrained\">\n<p class=\"has-text-align-center has-large-font-size\"><\/p>\n<\/div><\/div>\n\n\n\n<div style=\"height:20px\" aria-hidden=\"true\" class=\"wp-block-spacer\"><\/div>\n\n\n\n<h1 class=\"wp-block-heading\">Toimitus- ja takuuehdot<\/h1>\n\n\n\n<p>N\u00e4it\u00e4 ehtoja sovelletaan Puresolid Oy:n (j\u00e4ljemp\u00e4n\u00e4 Puresolid) tuotetoimituksiin 9.5.2025 alkaen.<\/p>\n\n\n\n<h2 class=\"wp-block-heading\">Toimitusehdot<\/h2>\n\n\n\n<p>Puresolid tuotteet pakataan tehtaallamme kuljetusta kest\u00e4viin pakkauksiin ja toimitetaan<\/p>\n\n\n\n<p>sopimuskuljettajamme tai asentajamme toimesta tilauksen yhteydess\u00e4 kerrottuun katuosoitteeseen.<\/p>\n\n\n\n<h2 class=\"wp-block-heading\">Toimitusaika<\/h2>\n\n\n\n<p>Toimitusaika voimassa olevan malliston tuotteille vahvistetaan tilauskohtaisesti. Toimitusaika tehtaaltamme on varastov\u00e4risille tuotteille 4-5 viikkoa ja tilausv\u00e4risille tuotteille 6-8 viikkoa tilauksen vahvistamisesta. Huomioittehan, ett\u00e4 tuotteiden kuljetukseen on varattava 1-2 arkip\u00e4iv\u00e4\u00e4 tehtaan toimitusp\u00e4iv\u00e4st\u00e4 eteenp\u00e4in. Toimitusaika erikoistuotteille, projekteille, sek\u00e4 tarkistusmittausta vaativille tuotteille sovitaan aina tilauskohtaisesti.<\/p>\n\n\n\n<p>L\u00e4het\u00e4mme tilaajalle tilausvahvistuksen tarkennetulla toimitusaikataululla. Tilausvahvistus on tarkistettava ja mahdolliset huomautukset teht\u00e4v\u00e4 seuraavaan arkip\u00e4iv\u00e4\u00e4n klo:10 menness\u00e4.<\/p>\n\n\n\n<h2 class=\"wp-block-heading\">Vaihto- ja palautusoikeus<\/h2>\n\n\n\n<p>Tuotteemme valmistetaan tilauksesta mittatilaustuotteena. Vaihto- ja palautustilanteissa pyyd\u00e4mme olemaan yhteydess\u00e4 tuotteiden ostopaikkaan.<\/p>\n\n\n\n<p>Erikoistilaustuotteilla, kuten esimerkiksi erikoismittaisilla tai tilausv\u00e4risill\u00e4 kalusteilla, ei ole vaihto- tai palautusoikeutta.<\/p>\n\n\n\n<h2 class=\"wp-block-heading\">Tuotetakuu<\/h2>\n\n\n\n<p>Puresolid tuotteet valmistetaan laadukkaista materiaaleista, ammattitaidolla tehtaallamme Lahdessa ja siksi annamme niille pakollista kahta vuotta pidemm\u00e4n tuotetakuun.<\/p>\n\n\n\n<p>Puresolid antaa itse valmistamilleen kalusteille ja altaille valmistus- ja materiaalivirheiden osalta takuun, mink\u00e4 kesto on kymmenen (10) vuotta toimitusp\u00e4iv\u00e4st\u00e4 lukien.<\/p>\n\n\n\n<p>T\u00e4m\u00e4 takuu kattaa rungot, laatikot, sek\u00e4 Corian\u00ae materiaalista valmistetut laatikoiden etusarjat, kalusteovet ja altaat. Tuotetakuu edellytt\u00e4\u00e4, ett\u00e4 Puresolid tuotteiden asennus- ja hoito-ohjeita on noudatettu. Viallista tuotetta ei saa asentaa, asennettu tuote katsotaan hyv\u00e4ksytyksi.<\/p>\n\n\n\n<p>Kalustepinnat kest\u00e4v\u00e4t roiskeita ja valumavett\u00e4, mutta laatikoiden kiskot ja saranoiden metallipinnat on suojattava suoralta vesikontaktilta. Asennus- ja hoito-ohjeet l\u00f6ytyv\u00e4t sek\u00e4 tuotepakkauksesta, ett\u00e4 Puresolid Oy:n kotisivuilta www.puresolid.fi. Takuu ei koske tuotteen normaalista k\u00e4yt\u00f6st\u00e4 johtuvaa kulumista, eik\u00e4 suoranaisia k\u00e4ytt\u00f6virheit\u00e4. Muiden kuin yll\u00e4 mainittujen Puresolid kalusteosien takuu on kaksi (2) vuotta. Puresolid toimitukseen sis\u00e4ltyvien muiden valmistajien tuotteiden osalta tuotetakuu on kyseisen valmistajan oman tuotetakuun mukainen (esim. peiliovet, muuntajat ja lednauhat).<\/p>\n\n\n\n<p>Takuu ja reklamaatioasioissa ole yhteydess\u00e4 ensin j\u00e4lleenmyyj\u00e4\u00e4si. Jotta reklamaation hoitaminen sujuu mahdollisimman joustavasti, suosittelemme ostoskuitin tai muun maksutositteen s\u00e4\u00e4st\u00e4mist\u00e4, sek\u00e4 asiaa koskevien yksityiskohtien valokuvaamista.<\/p>\n\n\n\n<p>Takuu- ja reklamaatiotilanteessa Puresolid tarkistaa tuotteen ja p\u00e4\u00e4tt\u00e4\u00e4\u0308 kuuluuko vika takuun piiriin.<\/p>\n\n\n\n<p>Mik\u00e4li tuote hyv\u00e4ksyt\u00e4\u00e4n takuun piiriin kuuluvaksi, tuote tai sen vaurioitunut osa korjataan tai korvataan samalla tai vastaavalla tuotteella. Mahdolliset asennuskulut korvataan lains\u00e4\u00e4d\u00e4nn\u00f6n puitteissa. Asentajan kulut laskutetaan toteutuneiden kustannusten mukaan, mik\u00e4li ilmenee, ettei korjattu reklamaatio ole tuotevirhe tai kuulu muuten takuumme piiriin.<\/p>\n\n\n\n<div style=\"height:40px\" aria-hidden=\"true\" class=\"wp-block-spacer\"><\/div>\n","protected":false},"excerpt":{"rendered":"<p>Toimitus- ja takuuehdot N\u00e4it\u00e4 ehtoja sovelletaan Puresolid Oy:n (j\u00e4ljemp\u00e4n\u00e4 Puresolid) tuotetoimituksiin 9.5.2025 alkaen. Toimitusehdot Puresolid tuotteet pakataan tehtaallamme kuljetusta kest\u00e4viin pakkauksiin ja toimitetaan sopimuskuljettajamme tai asentajamme toimesta tilauksen yhteydess\u00e4 kerrottuun katuosoitteeseen. Toimitusaika Toimitusaika voimassa olevan malliston tuotteille vahvistetaan tilauskohtaisesti. Toimitusaika tehtaaltamme on varastov\u00e4risille tuotteille 4-5 viikkoa ja tilausv\u00e4risille tuotteille 6-8 viikkoa tilauksen vahvistamisesta. Huomioittehan, ett\u00e4 [&hellip;]<\/p>\n","protected":false},"author":1,"featured_media":0,"parent":0,"menu_order":0,"comment_status":"closed","ping_status":"closed","template":"","meta":{"footnotes":""},"class_list":["post-2145","page","type-page","status-publish","hentry"],"_links":{"self":[{"href":"https:\/\/puresolid.fi\/index.php\/wp-json\/wp\/v2\/pages\/2145","targetHints":{"allow":["GET"]}}],"collection":[{"href":"https:\/\/puresolid.fi\/index.php\/wp-json\/wp\/v2\/pages"}],"about":[{"href":"https:\/\/puresolid.fi\/index.php\/wp-json\/wp\/v2\/types\/page"}],"author":[{"embeddable":true,"href":"https:\/\/puresolid.fi\/index.php\/wp-json\/wp\/v2\/users\/1"}],"replies":[{"embeddable":true,"href":"https:\/\/puresolid.fi\/index.php\/wp-json\/wp\/v2\/comments?post=2145"}],"version-history":[{"count":3,"href":"https:\/\/puresolid.fi\/index.php\/wp-json\/wp\/v2\/pages\/2145\/revisions"}],"predecessor-version":[{"id":2152,"href":"https:\/\/puresolid.fi\/index.php\/wp-json\/wp\/v2\/pages\/2145\/revisions\/2152"}],"wp:attachment":[{"href":"https:\/\/puresolid.fi\/index.php\/wp-json\/wp\/v2\/media?parent=2145"}],"curies":[{"name":"wp","href":"https:\/\/api.w.org\/{rel}","templated":true}]}}