{"id":1720,"date":"2025-03-26T14:16:05","date_gmt":"2025-03-26T14:16:05","guid":{"rendered":"https:\/\/puresolid.fi\/?page_id=1720"},"modified":"2025-03-26T14:41:03","modified_gmt":"2025-03-26T14:41:03","slug":"sharp","status":"publish","type":"page","link":"https:\/\/puresolid.fi\/index.php\/sharp\/","title":{"rendered":"Sharp"},"content":{"rendered":"\n<div class=\"wp-block-cover alignfull has-custom-content-position is-position-bottom-center\" style=\"padding-top:var(--wp--preset--spacing--40);padding-bottom:var(--wp--preset--spacing--40);min-height:70vh;aspect-ratio:unset;\"><span aria-hidden=\"true\" class=\"wp-block-cover__background has-background-dim-100 has-background-dim wp-block-cover__gradient-background has-background-gradient\" style=\"background:linear-gradient(180deg,rgb(255,255,255) 0%,rgba(255,255,255,0) 16%)\"><\/span><img loading=\"lazy\" decoding=\"async\" width=\"2000\" height=\"1316\" class=\"wp-block-cover__image-background wp-image-1670\" alt=\"Puresolid, kylpyhuoneen allaskaappi, Sharp XL\" src=\"https:\/\/puresolid.fi\/wp-content\/uploads\/2025\/03\/fiilisLava_Rock-s3-Sharp-XL.jpg\" style=\"object-position:53% 92%\" data-object-fit=\"cover\" data-object-position=\"53% 92%\" srcset=\"https:\/\/puresolid.fi\/wp-content\/uploads\/2025\/03\/fiilisLava_Rock-s3-Sharp-XL.jpg 2000w, https:\/\/puresolid.fi\/wp-content\/uploads\/2025\/03\/fiilisLava_Rock-s3-Sharp-XL-300x197.jpg 300w, https:\/\/puresolid.fi\/wp-content\/uploads\/2025\/03\/fiilisLava_Rock-s3-Sharp-XL-1024x674.jpg 1024w, https:\/\/puresolid.fi\/wp-content\/uploads\/2025\/03\/fiilisLava_Rock-s3-Sharp-XL-768x505.jpg 768w, https:\/\/puresolid.fi\/wp-content\/uploads\/2025\/03\/fiilisLava_Rock-s3-Sharp-XL-1536x1011.jpg 1536w\" sizes=\"auto, (max-width: 2000px) 100vw, 2000px\" \/><div class=\"wp-block-cover__inner-container has-global-padding is-layout-constrained wp-block-cover-is-layout-constrained\">\n<p class=\"has-text-align-center has-large-font-size\"><\/p>\n\n\n\n<div class=\"wp-block-buttons is-content-justification-center is-layout-flex wp-container-core-buttons-is-layout-a89b3969 wp-block-buttons-is-layout-flex\">\n<div class=\"wp-block-button\"><a class=\"wp-block-button__link wp-element-button\" href=\"#kts\">Katso lis\u00e4\u00e4<\/a><\/div>\n<\/div>\n<\/div><\/div>\n\n\n\n<div style=\"height:9px\" aria-hidden=\"true\" id=\"mallisto\" class=\"wp-block-spacer\"><\/div>\n\n\n\n<p class=\"has-contrast-2-color has-text-color has-link-color has-small-font-size wp-elements-5c88561dee8601e272b6c62850ee4505\"><a href=\"https:\/\/puresolid.fi\/#mallisto\">Mallisto<\/a> \/ <strong>Sharp<\/strong><\/p>\n\n\n\n<h1 class=\"wp-block-heading\" id=\"kts\">Sharp allaskaapit<\/h1>\n\n\n\n<p>Puhdaslinjainen  kylpyhuoneen allaskaappi.<\/p>\n\n\n\n<p>Mallistosta on saataville nelj\u00e4 eri kokoversiota. Valitse alta olevista malleista sopivin. Klikkaamalla tuotetta p\u00e4\u00e4set muokkaamaan v\u00e4rej\u00e4, mittoja ja allasm\u00e4\u00e4ri\u00e4. <\/p>\n\n\n\n<div style=\"height:13px\" aria-hidden=\"true\" class=\"wp-block-spacer\"><\/div>\n\n\n\n<div class=\"wp-block-columns alignwide is-layout-flex wp-container-core-columns-is-layout-28f84493 wp-block-columns-is-layout-flex\">\n<div class=\"wp-block-column is-layout-flow wp-block-column-is-layout-flow\">\n<div class=\"wp-block-columns is-not-stacked-on-mobile is-layout-flex wp-container-core-columns-is-layout-28f84493 wp-block-columns-is-layout-flex\">\n<div class=\"wp-block-column is-layout-flow wp-block-column-is-layout-flow\">\n<div class=\"wp-block-group nosto has-base-2-background-color has-background is-vertical is-content-justification-center is-layout-flex wp-container-core-group-is-layout-d6c83077 wp-block-group-is-layout-flex\" style=\"padding-top:0;padding-bottom:var(--wp--preset--spacing--10)\">\n<figure data-wp-context=\"{&quot;imageId&quot;:&quot;69e733b8d6ac6&quot;}\" data-wp-interactive=\"core\/image\" data-wp-key=\"69e733b8d6ac6\" class=\"wp-block-image size-full wp-lightbox-container\"><img loading=\"lazy\" decoding=\"async\" width=\"700\" height=\"548\" data-wp-class--hide=\"state.isContentHidden\" data-wp-class--show=\"state.isContentVisible\" data-wp-init=\"callbacks.setButtonStyles\" data-wp-on--click=\"actions.showLightbox\" data-wp-on--load=\"callbacks.setButtonStyles\" data-wp-on-window--resize=\"callbacks.setButtonStyles\" src=\"https:\/\/puresolid.fi\/wp-content\/uploads\/2025\/03\/sharp-s-700mm-Lava_Rock.jpg\" alt=\"Puresolid allaskaappi, Sharp S, tuotekuva\" class=\"wp-image-1708\" style=\"object-fit:cover\" srcset=\"https:\/\/puresolid.fi\/wp-content\/uploads\/2025\/03\/sharp-s-700mm-Lava_Rock.jpg 700w, https:\/\/puresolid.fi\/wp-content\/uploads\/2025\/03\/sharp-s-700mm-Lava_Rock-300x235.jpg 300w\" sizes=\"auto, (max-width: 700px) 100vw, 700px\" \/><button\n\t\t\tclass=\"lightbox-trigger\"\n\t\t\ttype=\"button\"\n\t\t\taria-haspopup=\"dialog\"\n\t\t\taria-label=\"Suurenna\"\n\t\t\tdata-wp-init=\"callbacks.initTriggerButton\"\n\t\t\tdata-wp-on--click=\"actions.showLightbox\"\n\t\t\tdata-wp-style--right=\"state.imageButtonRight\"\n\t\t\tdata-wp-style--top=\"state.imageButtonTop\"\n\t\t>\n\t\t\t<svg xmlns=\"http:\/\/www.w3.org\/2000\/svg\" width=\"12\" height=\"12\" fill=\"none\" viewBox=\"0 0 12 12\">\n\t\t\t\t<path fill=\"#fff\" d=\"M2 0a2 2 0 0 0-2 2v2h1.5V2a.5.5 0 0 1 .5-.5h2V0H2Zm2 10.5H2a.5.5 0 0 1-.5-.5V8H0v2a2 2 0 0 0 2 2h2v-1.5ZM8 12v-1.5h2a.5.5 0 0 0 .5-.5V8H12v2a2 2 0 0 1-2 2H8Zm2-12a2 2 0 0 1 2 2v2h-1.5V2a.5.5 0 0 0-.5-.5H8V0h2Z\" \/>\n\t\t\t<\/svg>\n\t\t<\/button><\/figure>\n\n\n\n<h3 class=\"wp-block-heading has-text-align-center tuotelinkki\"><a href=\"https:\/\/puresolid.fi\/index.php\/sharp-s\/\" data-type=\"page\" data-id=\"1665\">Sharp S<\/a><\/h3>\n\n\n\n<hr class=\"wp-block-separator has-alpha-channel-opacity\"\/>\n\n\n\n<div class=\"wp-block-group has-global-padding is-layout-constrained wp-block-group-is-layout-constrained\">\n<p class=\"hinta has-accent-3-color has-text-color has-link-color wp-elements-1a7123897d4860d850bc92af2c154727\" style=\"margin-top:0;margin-bottom:0\"><strong>Alkaen 1307 \u20ac<\/strong><\/p>\n\n\n\n<p class=\"has-text-align-center has-contrast-3-color has-text-color has-link-color has-small-font-size wp-elements-58c7197feecb3dd0cd7d460d743702f0\" style=\"margin-top:0;margin-bottom:0\">sis. alv 25,5%<\/p>\n<\/div>\n\n\n\n<div class=\"wp-block-buttons is-layout-flex wp-block-buttons-is-layout-flex\">\n<div class=\"wp-block-button\"><a class=\"wp-block-button__link wp-element-button\" href=\"https:\/\/puresolid.fi\/index.php\/sharp-s\/\">Tutustu<\/a><\/div>\n<\/div>\n<\/div>\n<\/div>\n\n\n\n<div class=\"wp-block-column is-layout-flow wp-block-column-is-layout-flow\">\n<div class=\"wp-block-group nosto has-base-2-background-color has-background is-vertical is-content-justification-center is-layout-flex wp-container-core-group-is-layout-d6c83077 wp-block-group-is-layout-flex\" style=\"padding-top:0;padding-bottom:var(--wp--preset--spacing--10)\">\n<figure data-wp-context=\"{&quot;imageId&quot;:&quot;69e733b8d71c0&quot;}\" data-wp-interactive=\"core\/image\" data-wp-key=\"69e733b8d71c0\" class=\"wp-block-image size-full wp-lightbox-container\"><img loading=\"lazy\" decoding=\"async\" width=\"700\" height=\"548\" data-wp-class--hide=\"state.isContentHidden\" data-wp-class--show=\"state.isContentVisible\" data-wp-init=\"callbacks.setButtonStyles\" data-wp-on--click=\"actions.showLightbox\" data-wp-on--load=\"callbacks.setButtonStyles\" data-wp-on-window--resize=\"callbacks.setButtonStyles\" src=\"https:\/\/puresolid.fi\/wp-content\/uploads\/2025\/03\/sharp-m-l-1300mm-Lava_Rock.jpg\" alt=\"Puresolid allaskaappi, Sharp M, tuotekuva\" class=\"wp-image-1710\" style=\"object-fit:cover\" srcset=\"https:\/\/puresolid.fi\/wp-content\/uploads\/2025\/03\/sharp-m-l-1300mm-Lava_Rock.jpg 700w, https:\/\/puresolid.fi\/wp-content\/uploads\/2025\/03\/sharp-m-l-1300mm-Lava_Rock-300x235.jpg 300w\" sizes=\"auto, (max-width: 700px) 100vw, 700px\" \/><button\n\t\t\tclass=\"lightbox-trigger\"\n\t\t\ttype=\"button\"\n\t\t\taria-haspopup=\"dialog\"\n\t\t\taria-label=\"Suurenna\"\n\t\t\tdata-wp-init=\"callbacks.initTriggerButton\"\n\t\t\tdata-wp-on--click=\"actions.showLightbox\"\n\t\t\tdata-wp-style--right=\"state.imageButtonRight\"\n\t\t\tdata-wp-style--top=\"state.imageButtonTop\"\n\t\t>\n\t\t\t<svg xmlns=\"http:\/\/www.w3.org\/2000\/svg\" width=\"12\" height=\"12\" fill=\"none\" viewBox=\"0 0 12 12\">\n\t\t\t\t<path fill=\"#fff\" d=\"M2 0a2 2 0 0 0-2 2v2h1.5V2a.5.5 0 0 1 .5-.5h2V0H2Zm2 10.5H2a.5.5 0 0 1-.5-.5V8H0v2a2 2 0 0 0 2 2h2v-1.5ZM8 12v-1.5h2a.5.5 0 0 0 .5-.5V8H12v2a2 2 0 0 1-2 2H8Zm2-12a2 2 0 0 1 2 2v2h-1.5V2a.5.5 0 0 0-.5-.5H8V0h2Z\" \/>\n\t\t\t<\/svg>\n\t\t<\/button><\/figure>\n\n\n\n<h3 class=\"wp-block-heading has-text-align-center tuotelinkki\"><a href=\"https:\/\/puresolid.fi\/index.php\/sharp-m\/\" data-type=\"page\" data-id=\"1671\">Sharp M<\/a><\/h3>\n\n\n\n<hr class=\"wp-block-separator has-alpha-channel-opacity\"\/>\n\n\n\n<div class=\"wp-block-group has-global-padding is-layout-constrained wp-block-group-is-layout-constrained\">\n<p class=\"hinta has-accent-3-color has-text-color has-link-color wp-elements-d738a14b5e0e9c2614f877be36b9a52f\" style=\"margin-top:0;margin-bottom:0\"><strong>Alkaen 1770 \u20ac<\/strong><\/p>\n\n\n\n<p class=\"has-text-align-center has-contrast-3-color has-text-color has-link-color has-small-font-size wp-elements-58c7197feecb3dd0cd7d460d743702f0\" style=\"margin-top:0;margin-bottom:0\">sis. alv 25,5%<\/p>\n<\/div>\n\n\n\n<div class=\"wp-block-buttons is-layout-flex wp-block-buttons-is-layout-flex\">\n<div class=\"wp-block-button\"><a class=\"wp-block-button__link wp-element-button\" href=\"https:\/\/puresolid.fi\/index.php\/sharp-m\/\">Tutustu<\/a><\/div>\n<\/div>\n<\/div>\n<\/div>\n<\/div>\n<\/div>\n\n\n\n<div class=\"wp-block-column is-layout-flow wp-block-column-is-layout-flow\">\n<div class=\"wp-block-columns is-not-stacked-on-mobile is-layout-flex wp-container-core-columns-is-layout-28f84493 wp-block-columns-is-layout-flex\">\n<div class=\"wp-block-column is-layout-flow wp-block-column-is-layout-flow\">\n<div class=\"wp-block-group nosto has-base-2-background-color has-background is-vertical is-content-justification-center is-layout-flex wp-container-core-group-is-layout-d6c83077 wp-block-group-is-layout-flex\" style=\"padding-top:0;padding-bottom:var(--wp--preset--spacing--10)\">\n<figure data-wp-context=\"{&quot;imageId&quot;:&quot;69e733b8d7818&quot;}\" data-wp-interactive=\"core\/image\" data-wp-key=\"69e733b8d7818\" class=\"wp-block-image size-full wp-lightbox-container\"><img loading=\"lazy\" decoding=\"async\" width=\"700\" height=\"548\" data-wp-class--hide=\"state.isContentHidden\" data-wp-class--show=\"state.isContentVisible\" data-wp-init=\"callbacks.setButtonStyles\" data-wp-on--click=\"actions.showLightbox\" data-wp-on--load=\"callbacks.setButtonStyles\" data-wp-on-window--resize=\"callbacks.setButtonStyles\" src=\"https:\/\/puresolid.fi\/wp-content\/uploads\/2025\/03\/sharp-l-1200mm-Lava_Rock.jpg\" alt=\"Puresolid allaskaappi, Sharp L, tuotekuva\" class=\"wp-image-1711\" style=\"object-fit:cover\" srcset=\"https:\/\/puresolid.fi\/wp-content\/uploads\/2025\/03\/sharp-l-1200mm-Lava_Rock.jpg 700w, https:\/\/puresolid.fi\/wp-content\/uploads\/2025\/03\/sharp-l-1200mm-Lava_Rock-300x235.jpg 300w\" sizes=\"auto, (max-width: 700px) 100vw, 700px\" \/><button\n\t\t\tclass=\"lightbox-trigger\"\n\t\t\ttype=\"button\"\n\t\t\taria-haspopup=\"dialog\"\n\t\t\taria-label=\"Suurenna\"\n\t\t\tdata-wp-init=\"callbacks.initTriggerButton\"\n\t\t\tdata-wp-on--click=\"actions.showLightbox\"\n\t\t\tdata-wp-style--right=\"state.imageButtonRight\"\n\t\t\tdata-wp-style--top=\"state.imageButtonTop\"\n\t\t>\n\t\t\t<svg xmlns=\"http:\/\/www.w3.org\/2000\/svg\" width=\"12\" height=\"12\" fill=\"none\" viewBox=\"0 0 12 12\">\n\t\t\t\t<path fill=\"#fff\" d=\"M2 0a2 2 0 0 0-2 2v2h1.5V2a.5.5 0 0 1 .5-.5h2V0H2Zm2 10.5H2a.5.5 0 0 1-.5-.5V8H0v2a2 2 0 0 0 2 2h2v-1.5ZM8 12v-1.5h2a.5.5 0 0 0 .5-.5V8H12v2a2 2 0 0 1-2 2H8Zm2-12a2 2 0 0 1 2 2v2h-1.5V2a.5.5 0 0 0-.5-.5H8V0h2Z\" \/>\n\t\t\t<\/svg>\n\t\t<\/button><\/figure>\n\n\n\n<h3 class=\"wp-block-heading has-text-align-center tuotelinkki\"><a href=\"https:\/\/puresolid.fi\/index.php\/sharp-l\/\" data-type=\"page\" data-id=\"1676\">Sharp L<\/a><\/h3>\n\n\n\n<hr class=\"wp-block-separator has-alpha-channel-opacity\"\/>\n\n\n\n<div class=\"wp-block-group has-global-padding is-layout-constrained wp-block-group-is-layout-constrained\">\n<p class=\"hinta has-accent-3-color has-text-color has-link-color wp-elements-2dbfb7917efe666acf5906786b6d9d71\" style=\"margin-top:0;margin-bottom:0\"><strong>Alkaen 1474 \u20ac<\/strong><\/p>\n\n\n\n<p class=\"has-text-align-center has-contrast-3-color has-text-color has-link-color has-small-font-size wp-elements-58c7197feecb3dd0cd7d460d743702f0\" style=\"margin-top:0;margin-bottom:0\">sis. alv 25,5%<\/p>\n<\/div>\n\n\n\n<div class=\"wp-block-buttons is-layout-flex wp-block-buttons-is-layout-flex\">\n<div class=\"wp-block-button\"><a class=\"wp-block-button__link wp-element-button\" href=\"https:\/\/puresolid.fi\/index.php\/sharp-l\/\">Tutustu<\/a><\/div>\n<\/div>\n<\/div>\n<\/div>\n\n\n\n<div class=\"wp-block-column is-layout-flow wp-block-column-is-layout-flow\">\n<div class=\"wp-block-group nosto has-base-2-background-color has-background is-vertical is-content-justification-center is-layout-flex wp-container-core-group-is-layout-d6c83077 wp-block-group-is-layout-flex\" style=\"padding-top:0;padding-bottom:var(--wp--preset--spacing--10)\">\n<figure data-wp-context=\"{&quot;imageId&quot;:&quot;69e733b8d7ed7&quot;}\" data-wp-interactive=\"core\/image\" data-wp-key=\"69e733b8d7ed7\" class=\"wp-block-image size-full wp-lightbox-container\"><img loading=\"lazy\" decoding=\"async\" width=\"700\" height=\"548\" data-wp-class--hide=\"state.isContentHidden\" data-wp-class--show=\"state.isContentVisible\" data-wp-init=\"callbacks.setButtonStyles\" data-wp-on--click=\"actions.showLightbox\" data-wp-on--load=\"callbacks.setButtonStyles\" data-wp-on-window--resize=\"callbacks.setButtonStyles\" src=\"https:\/\/puresolid.fi\/wp-content\/uploads\/2025\/03\/sharl-xl-l-1500m-Lava_Rock.jpg\" alt=\"Puresolid allaskaappi, Sharp XL, tuotekuva\" class=\"wp-image-1713\" style=\"object-fit:cover\" srcset=\"https:\/\/puresolid.fi\/wp-content\/uploads\/2025\/03\/sharl-xl-l-1500m-Lava_Rock.jpg 700w, https:\/\/puresolid.fi\/wp-content\/uploads\/2025\/03\/sharl-xl-l-1500m-Lava_Rock-300x235.jpg 300w\" sizes=\"auto, (max-width: 700px) 100vw, 700px\" \/><button\n\t\t\tclass=\"lightbox-trigger\"\n\t\t\ttype=\"button\"\n\t\t\taria-haspopup=\"dialog\"\n\t\t\taria-label=\"Suurenna\"\n\t\t\tdata-wp-init=\"callbacks.initTriggerButton\"\n\t\t\tdata-wp-on--click=\"actions.showLightbox\"\n\t\t\tdata-wp-style--right=\"state.imageButtonRight\"\n\t\t\tdata-wp-style--top=\"state.imageButtonTop\"\n\t\t>\n\t\t\t<svg xmlns=\"http:\/\/www.w3.org\/2000\/svg\" width=\"12\" height=\"12\" fill=\"none\" viewBox=\"0 0 12 12\">\n\t\t\t\t<path fill=\"#fff\" d=\"M2 0a2 2 0 0 0-2 2v2h1.5V2a.5.5 0 0 1 .5-.5h2V0H2Zm2 10.5H2a.5.5 0 0 1-.5-.5V8H0v2a2 2 0 0 0 2 2h2v-1.5ZM8 12v-1.5h2a.5.5 0 0 0 .5-.5V8H12v2a2 2 0 0 1-2 2H8Zm2-12a2 2 0 0 1 2 2v2h-1.5V2a.5.5 0 0 0-.5-.5H8V0h2Z\" \/>\n\t\t\t<\/svg>\n\t\t<\/button><\/figure>\n\n\n\n<h3 class=\"wp-block-heading has-text-align-center tuotelinkki\"><a href=\"https:\/\/puresolid.fi\/index.php\/sharp-xl\/\" data-type=\"page\" data-id=\"1681\">Sharp XL<\/a><\/h3>\n\n\n\n<hr class=\"wp-block-separator has-alpha-channel-opacity\"\/>\n\n\n\n<div class=\"wp-block-group has-global-padding is-layout-constrained wp-block-group-is-layout-constrained\">\n<p class=\"hinta has-accent-3-color has-text-color has-link-color wp-elements-5a07b241326c0e7469f7eb1a1be76e6d\" style=\"margin-top:0;margin-bottom:0\"><strong>Alkaen 1994 \u20ac<\/strong><\/p>\n\n\n\n<p class=\"has-text-align-center has-contrast-3-color has-text-color has-link-color has-small-font-size wp-elements-58c7197feecb3dd0cd7d460d743702f0\" style=\"margin-top:0;margin-bottom:0\">sis. alv 25,5%<\/p>\n<\/div>\n\n\n\n<div class=\"wp-block-buttons is-layout-flex wp-block-buttons-is-layout-flex\">\n<div class=\"wp-block-button\"><a class=\"wp-block-button__link wp-element-button\" href=\"https:\/\/puresolid.fi\/index.php\/sharp-xl\/\">Tutustu<\/a><\/div>\n<\/div>\n<\/div>\n<\/div>\n<\/div>\n<\/div>\n<\/div>\n\n\n\n<div style=\"height:23px\" aria-hidden=\"true\" class=\"wp-block-spacer\"><\/div>\n\n\n\n<div class=\"wp-block-buttons is-content-justification-center is-layout-flex wp-container-core-buttons-is-layout-a89b3969 wp-block-buttons-is-layout-flex\">\n<div class=\"wp-block-button\"><a class=\"wp-block-button__link wp-element-button\" href=\"https:\/\/puresolid.fi\/#mallisto\">Takaisin mallistoon<\/a><\/div>\n<\/div>\n\n\n\n<div style=\"height:55px\" aria-hidden=\"true\" class=\"wp-block-spacer\"><\/div>\n\n\n\n<p><\/p>\n","protected":false},"excerpt":{"rendered":"<p>Mallisto \/ Sharp Sharp allaskaapit Puhdaslinjainen kylpyhuoneen allaskaappi. Mallistosta on saataville nelj\u00e4 eri kokoversiota. Valitse alta olevista malleista sopivin. Klikkaamalla tuotetta p\u00e4\u00e4set muokkaamaan v\u00e4rej\u00e4, mittoja ja allasm\u00e4\u00e4ri\u00e4. Sharp S Alkaen 1307 \u20ac sis. alv 25,5% Sharp M Alkaen 1770 \u20ac sis. alv 25,5% Sharp L Alkaen 1474 \u20ac sis. alv 25,5% Sharp XL Alkaen 1994 [&hellip;]<\/p>\n","protected":false},"author":1,"featured_media":0,"parent":0,"menu_order":0,"comment_status":"closed","ping_status":"closed","template":"","meta":{"footnotes":""},"class_list":["post-1720","page","type-page","status-publish","hentry"],"_links":{"self":[{"href":"https:\/\/puresolid.fi\/index.php\/wp-json\/wp\/v2\/pages\/1720","targetHints":{"allow":["GET"]}}],"collection":[{"href":"https:\/\/puresolid.fi\/index.php\/wp-json\/wp\/v2\/pages"}],"about":[{"href":"https:\/\/puresolid.fi\/index.php\/wp-json\/wp\/v2\/types\/page"}],"author":[{"embeddable":true,"href":"https:\/\/puresolid.fi\/index.php\/wp-json\/wp\/v2\/users\/1"}],"replies":[{"embeddable":true,"href":"https:\/\/puresolid.fi\/index.php\/wp-json\/wp\/v2\/comments?post=1720"}],"version-history":[{"count":1,"href":"https:\/\/puresolid.fi\/index.php\/wp-json\/wp\/v2\/pages\/1720\/revisions"}],"predecessor-version":[{"id":1722,"href":"https:\/\/puresolid.fi\/index.php\/wp-json\/wp\/v2\/pages\/1720\/revisions\/1722"}],"wp:attachment":[{"href":"https:\/\/puresolid.fi\/index.php\/wp-json\/wp\/v2\/media?parent=1720"}],"curies":[{"name":"wp","href":"https:\/\/api.w.org\/{rel}","templated":true}]}}